{"id":14482,"date":"2024-07-31T15:03:55","date_gmt":"2024-07-31T12:03:55","guid":{"rendered":"https:\/\/cosmetikorean.com\/?post_type=product&#038;p=14482"},"modified":"2024-07-31T17:02:30","modified_gmt":"2024-07-31T14:02:30","slug":"masca-daylisse-firming-volumfiline-lisse-korea-inc-40g","status":"publish","type":"product","link":"https:\/\/cosmetikorean.com\/en\/produs\/masca-daylisse-firming-volumfiline-lisse-korea-inc-40g\/","title":{"rendered":"Masc\u0103 Daylisse Firming Volumfiline, Lisse Korea Inc., 40g"},"content":{"rendered":"<div class=\"flex flex-grow flex-col max-w-full\">\n<div class=\"min-h-[20px] text-message flex flex-col items-start gap-3 whitespace-pre-wrap break-words [.text-message+&amp;]:mt-5 overflow-x-auto\" data-message-author-role=\"assistant\" data-message-id=\"ff2138e4-0e12-4801-ad2a-c3f5d950b4dc\">\n<div class=\"markdown prose w-full break-words dark:prose-invert dark\">\n<p><strong>\u00cengrijire intensiv\u0103 \u00eenaintea unei zile importante!<\/p>\n<p><\/strong>Dac\u0103 urmeaz\u0103 s\u0103 ai o \u00eent\u00e2lnire important\u0103, cum ar fi o \u00eent\u00e2lnire pe nev\u0103zute, o nunt\u0103 sau o \u00eent\u00e2lnire, te rog s\u0103 te \u00eengrije\u0219ti cu masca Daylisse cu o zi \u00eenainte. \u00cen doar o zi, po\u021bi avea o textur\u0103 perfect\u0103 \u0219i str\u0103lucitoare a pielii.<\/p>\n<p>Piele aplicabil\u0103: Piele uscat\u0103, f\u0103r\u0103 elasticitate \u0219i piele fragil\u0103, riduri pe piele.<\/p>\n<p>Recomandat pentru cei care:<\/p>\n<ul>\n<li>doresc s\u0103 ob\u021bin\u0103 o \u00eengrijire simpl\u0103 \u0219i rapid\u0103 a pielii, asem\u0103n\u0103toare cu cea de la salonul de \u00eengrijire<\/li>\n<li>au nevoie de \u00eengrijire intensiv\u0103 pentru hidratarea pielii tern\u0103 \u0219i uscat\u0103<\/li>\n<li>doresc s\u0103 adauge vitalitate pielii l\u0103sate<\/li>\n<\/ul>\n<p>&nbsp;<\/p>\n<p>Ingrediente de baz\u0103 foarte concentrate:<\/p>\n<ul>\n<li><strong>Ingrediente complexe de 8 peptide premium <\/strong>care fac pielea mai elastic\u0103 \u0219i ferm\u0103: SH-oligopeptid-1, Acetilhexapeptid-22, Acetilhexapeptid-8, SH-pentapeptid-19, SH-octapeptid-4, Oligopeptid-28, SH-decapeptid-7, Cafeoil Tripeptid-1<\/li>\n<li><strong>Acidul hialuronic <\/strong>este factorul de hidratare care re\u021bine de peste 1000 de ori greutatea propriului corp \u0219i este ingredientul func\u021bional care ajut\u0103 la hidratarea pielii<\/li>\n<li><strong>Adenozina \u0219i Niacinamida <\/strong>ofer\u0103 \u00eembun\u0103t\u0103\u021birea ridurilor \u0219i efect de albire a pielii<\/li>\n<li><strong>Con\u021bine 15 extracte naturale <\/strong>care pot fi folosite \u00een siguran\u021b\u0103 pentru pielea sensibil\u0103 \u0219i pot fi utilizate f\u0103r\u0103 irita\u021bii ale pielii: Extract de drojdie \/ Ferment de v\u00e2sc, Lactobacillus \/ Extract de fermentare a boabelor de soia, Extract de coada calului, Extract de ligustrum, Extract de frunze de mate, Extract de scoar\u021b\u0103 de salcie alb\u0103, Extract de drojdie \/ Ferment de gramineae, Extract de frunze de oregano, Extract de frunze de chiparos, Extract de r\u0103d\u0103cin\u0103 de sophora, Extract de ment\u0103 de porumb, Extract de frunze de pinaceae, Extract de aur, Extract de portulaca, Extract de scoar\u021b\u0103 de scor\u021bi\u0219oar\u0103. <strong>Uleiul de frunze de arbore de ceai \u0219i extractul de frunze de chiparos<\/strong> \u00eent\u0103resc bariera pielii \u0219i calmeaz\u0103 pielea obosit\u0103. Saponina din r\u0103d\u0103cinile \u0219i tulpinile de <strong>Liliaceae<\/strong> ajut\u0103 la ameliorarea pielii l\u0103sate din cauza pierderii elasticit\u0103\u021bii, oferindu-i fermitate \u0219i netezime.<\/li>\n<\/ul>\n<p>&nbsp;<\/p>\n<h3><strong>Volum:<\/strong><\/h3>\n<p>40 g<\/p>\n<h3><strong>Mod de Utilizare:<\/strong><\/h3>\n<p>1. Deschide punga \u0219i aplic\u0103 masca pe fa\u021b\u0103 u\u0219or. \u00cenainte de utilizare, po\u021bi \u00eentinde masca tr\u0103g\u00e2nd u\u0219or de ambele p\u0103r\u021bi ale urechilor.<br \/>\n2. Dup\u0103 aproximativ 25-30 de minute, \u00eendep\u0103rteaz\u0103 masca \u0219i maseaz\u0103 u\u0219or compu\u0219ii r\u0103ma\u0219i \u00een piele.<br \/>\n3. Efectul m\u0103\u0219tii Firming Volumfiline dureaz\u0103 \u00eentre 24-36 de ore. Se recomand\u0103 utilizarea de 3-4 ori pe s\u0103pt\u0103m\u00e2n\u0103, fiind ideal\u0103 utilizarea ca masc\u0103 de noapte \u00eenainte de culcare.<br \/>\n4. C\u00e2nd este folosit\u0103 \u00een combina\u021bie cu serul \u0219i crema Volumfiline de la Daylisse, po\u021bi ob\u021bine un efect mai rapid de hidratare perfect\u0103.<\/p>\n<p><strong>Precau\u021bii \u00een Utilizare:<\/strong><\/p>\n<p>1. Dac\u0103 apar ro\u0219ea\u021b\u0103, umfl\u0103turi, m\u00e2nc\u0103rime \u0219i\/sau irita\u021bii prin expunere direct\u0103 la soare, \u00een timp ce folose\u0219ti sau dup\u0103 folosirea acestui produs, consult\u0103 un medic.<br \/>\n2. Nu folosi acest produs pe r\u0103ni sau zone iritate de dermatit\u0103 \u0219i alte boli ale pielii.<br \/>\n3. Precau\u021bii pentru tratament \u0219i p\u0103strare: 1) A nu se l\u0103sa la \u00eendem\u00e2na copiilor. 2) Nu depozita \u00een lumina direct\u0103 a soarelui<\/p>\n<p>&nbsp;<\/p>\n<div style=\"width: 480px;\" class=\"wp-video\"><video class=\"wp-video-shortcode\" id=\"video-14482-1\" width=\"480\" height=\"480\" preload=\"metadata\" controls=\"controls\"><source type=\"video\/mp4\" src=\"https:\/\/cosmetikorean.com\/wp-content\/uploads\/2024\/07\/Firming_mask.mp4?_=1\" \/><a href=\"https:\/\/cosmetikorean.com\/wp-content\/uploads\/2024\/07\/Firming_mask.mp4\">https:\/\/cosmetikorean.com\/wp-content\/uploads\/2024\/07\/Firming_mask.mp4<\/a><\/video><\/div>\n<p>&nbsp;<\/p>\n<p>&nbsp;<\/p>\n<\/div>\n<\/div>\n<\/div>\n","protected":false},"excerpt":{"rendered":"<p>\u00cengrijire intensiv\u0103 \u00eenaintea unei zile importante! Dac\u0103 urmeaz\u0103 s\u0103 ai o \u00eent\u00e2lnire important\u0103, cum ar fi o \u00eent\u00e2lnire pe nev\u0103zute, o nunt\u0103 sau o \u00eent\u00e2lnire, te rog s\u0103 te \u00eengrije\u0219ti cu masca Daylisse cu o zi \u00eenainte. \u00cen doar o zi, po\u021bi avea o textur\u0103 perfect\u0103 \u0219i str\u0103lucitoare a pielii. Piele aplicabil\u0103: Piele uscat\u0103, f\u0103r\u0103 [&hellip;]<\/p>\n","protected":false},"featured_media":14509,"template":"","meta":{"ocean_post_layout":"","ocean_both_sidebars_style":"","ocean_both_sidebars_content_width":0,"ocean_both_sidebars_sidebars_width":0,"ocean_sidebar":"0","ocean_second_sidebar":"0","ocean_disable_margins":"enable","ocean_add_body_class":"","ocean_shortcode_before_top_bar":"","ocean_shortcode_after_top_bar":"","ocean_shortcode_before_header":"","ocean_shortcode_after_header":"","ocean_has_shortcode":"","ocean_shortcode_after_title":"","ocean_shortcode_before_footer_widgets":"","ocean_shortcode_after_footer_widgets":"","ocean_shortcode_before_footer_bottom":"","ocean_shortcode_after_footer_bottom":"","ocean_display_top_bar":"default","ocean_display_header":"default","ocean_header_style":"","ocean_center_header_left_menu":"0","ocean_custom_header_template":"0","ocean_custom_logo":0,"ocean_custom_retina_logo":0,"ocean_custom_logo_max_width":0,"ocean_custom_logo_tablet_max_width":0,"ocean_custom_logo_mobile_max_width":0,"ocean_custom_logo_max_height":0,"ocean_custom_logo_tablet_max_height":0,"ocean_custom_logo_mobile_max_height":0,"ocean_header_custom_menu":"0","ocean_menu_typo_font_family":"0","ocean_menu_typo_font_subset":"","ocean_menu_typo_font_size":0,"ocean_menu_typo_font_size_tablet":0,"ocean_menu_typo_font_size_mobile":0,"ocean_menu_typo_font_size_unit":"px","ocean_menu_typo_font_weight":"","ocean_menu_typo_font_weight_tablet":"","ocean_menu_typo_font_weight_mobile":"","ocean_menu_typo_transform":"","ocean_menu_typo_transform_tablet":"","ocean_menu_typo_transform_mobile":"","ocean_menu_typo_line_height":0,"ocean_menu_typo_line_height_tablet":0,"ocean_menu_typo_line_height_mobile":0,"ocean_menu_typo_line_height_unit":"","ocean_menu_typo_spacing":0,"ocean_menu_typo_spacing_tablet":0,"ocean_menu_typo_spacing_mobile":0,"ocean_menu_typo_spacing_unit":"","ocean_menu_link_color":"","ocean_menu_link_color_hover":"","ocean_menu_link_color_active":"","ocean_menu_link_background":"","ocean_menu_link_hover_background":"","ocean_menu_link_active_background":"","ocean_menu_social_links_bg":"","ocean_menu_social_hover_links_bg":"","ocean_menu_social_links_color":"","ocean_menu_social_hover_links_color":"","ocean_disable_title":"default","ocean_disable_heading":"default","ocean_post_title":"","ocean_post_subheading":"","ocean_post_title_style":"","ocean_post_title_background_color":"","ocean_post_title_background":0,"ocean_post_title_bg_image_position":"","ocean_post_title_bg_image_attachment":"","ocean_post_title_bg_image_repeat":"","ocean_post_title_bg_image_size":"","ocean_post_title_height":0,"ocean_post_title_bg_overlay":0.5,"ocean_post_title_bg_overlay_color":"","ocean_disable_breadcrumbs":"default","ocean_breadcrumbs_color":"","ocean_breadcrumbs_separator_color":"","ocean_breadcrumbs_links_color":"","ocean_breadcrumbs_links_hover_color":"","ocean_display_footer_widgets":"default","ocean_display_footer_bottom":"default","ocean_custom_footer_template":"0"},"product_brand":[],"product_cat":[597,483],"product_tag":[544],"class_list":{"0":"post-14482","1":"product","2":"type-product","3":"status-publish","4":"has-post-thumbnail","6":"product_cat-daylisse-dermocosmetice","7":"product_cat-cosmetice","8":"product_tag-daylisse","10":"entry","11":"has-media","13":"first","14":"instock","15":"taxable","16":"shipping-taxable","17":"product-type-simple","18":"has-product-nav","19":"col","20":"span_1_of_4","21":"owp-content-center","22":"owp-thumbs-layout-horizontal","23":"owp-btn-normal","24":"owp-tabs-layout-horizontal"},"_links":{"self":[{"href":"https:\/\/cosmetikorean.com\/en\/wp-json\/wp\/v2\/product\/14482","targetHints":{"allow":["GET"]}}],"collection":[{"href":"https:\/\/cosmetikorean.com\/en\/wp-json\/wp\/v2\/product"}],"about":[{"href":"https:\/\/cosmetikorean.com\/en\/wp-json\/wp\/v2\/types\/product"}],"wp:featuredmedia":[{"embeddable":true,"href":"https:\/\/cosmetikorean.com\/en\/wp-json\/wp\/v2\/media\/14509"}],"wp:attachment":[{"href":"https:\/\/cosmetikorean.com\/en\/wp-json\/wp\/v2\/media?parent=14482"}],"wp:term":[{"taxonomy":"product_brand","embeddable":true,"href":"https:\/\/cosmetikorean.com\/en\/wp-json\/wp\/v2\/product_brand?post=14482"},{"taxonomy":"product_cat","embeddable":true,"href":"https:\/\/cosmetikorean.com\/en\/wp-json\/wp\/v2\/product_cat?post=14482"},{"taxonomy":"product_tag","embeddable":true,"href":"https:\/\/cosmetikorean.com\/en\/wp-json\/wp\/v2\/product_tag?post=14482"}],"curies":[{"name":"wp","href":"https:\/\/api.w.org\/{rel}","templated":true}]}}