{"id":14462,"date":"2024-07-31T13:48:49","date_gmt":"2024-07-31T10:48:49","guid":{"rendered":"https:\/\/cosmetikorean.com\/?post_type=product&#038;p=14462"},"modified":"2024-07-31T17:01:28","modified_gmt":"2024-07-31T14:01:28","slug":"crema-daylisse-peptaregeno-oint-lisse-korea-inc-20g","status":"publish","type":"product","link":"https:\/\/cosmetikorean.com\/en\/produs\/crema-daylisse-peptaregeno-oint-lisse-korea-inc-20g\/","title":{"rendered":"Crema Daylisse PeptaRegeno Oint, Lisse Korea Inc., 20g"},"content":{"rendered":"<div class=\"flex flex-grow flex-col max-w-full\">\n<div class=\"min-h-[20px] text-message flex flex-col items-start gap-3 whitespace-pre-wrap break-words [.text-message+&amp;]:mt-5 overflow-x-auto\" data-message-author-role=\"assistant\" data-message-id=\"ff2138e4-0e12-4801-ad2a-c3f5d950b4dc\">\n<div class=\"markdown prose w-full break-words dark:prose-invert dark\">\n<p><strong>Cosmetic\u0103 Premium DAYLISSE. Cea mai bun\u0103 solu\u021bie pentru o frumuse\u021be mai rezistent\u0103 !<\/strong><\/p>\n<p>Unguent regeno intensiv premium cu 4-Peptide Complex + Ceramide NP este o solu\u021bie care ajut\u0103 la stresul pielii cauzat de irita\u021biile externe.<br \/>\nAplicabil pentru: piele dup\u0103 dispozitiv energetic sau peeling, piele sensibil\u0103<\/p>\n<p>1g pentru o utilizare \/ 2-3 s\u0103pt\u0103m\u00e2ni<\/p>\n<p>Recomandat pentru cei care:<\/p>\n<ul>\n<li>au pigmentare sever\u0103 din cauza problemelor frecvente ale pielii<\/li>\n<li>au pielea l\u0103sat\u0103 din cauza pierderii elasticit\u0103\u021bii pielii<\/li>\n<li>doresc s\u0103 protejeze \u0219i s\u0103 \u00eent\u0103reasc\u0103 bariera pielii<\/li>\n<li>au tonul pielii p\u0103tat \u0219i tern<\/li>\n<\/ul>\n<p>&nbsp;<\/p>\n<p>Principalele ingrediente active:<\/p>\n<ul>\n<li><strong>Complex Premium 4-Peptide<\/strong>:<br \/>\n&#8211; Acetyl Hexapeptide-8 str\u00e2nge ridurile \u0219i porii<br \/>\n&#8211; Palmitoyl Oligopeptide, Palmitoyl Tetrapeptide-7 regleaz\u0103 echilibrul de umiditate al pielii \u0219i promoveaz\u0103 sinteza colagenului<br \/>\n&#8211; Copper Tripeptide-1. Ca o substan\u021b\u0103 derivat\u0103 din corpul uman, peptida natural\u0103 ac\u021bioneaz\u0103 ca un factor de cre\u0219tere pentru celulele pielii \u0219i protejeaz\u0103 \u00een principal \u021besuturile.<\/li>\n<li><strong>Protec\u021bia stratului cornos<\/strong>: Ceramide NP + extract de Centella Asiatica ofer\u0103 un efect puternic de hidratare \u0219i calmare care umple pielea<\/li>\n<li><strong>Managementul colagenului<\/strong>: Extractul de Bulb de Ceap\u0103 (Allium Cepa) \u0219i Colagenul Hidrolizat sunt utilizate \u00een unguente care ajut\u0103 cicatricile s\u0103 men\u021bin\u0103 o barier\u0103 a pielii s\u0103n\u0103toas\u0103<\/li>\n<li><strong>Ulei de jojoba \u0219i ulei de primula de sear\u0103: <\/strong>regleaz\u0103 secre\u021bia de sebum \u0219i dizolv\u0103 de\u0219eurile din pori pentru a ajuta la controlul sebumului \u0219i men\u021binerea texturii pielii umede pe tot parcursul zilei<\/li>\n<li><strong>Extract de Sparassis Crispa<\/strong>: Culoarea natural\u0103 de castan d\u0103 o vitalitate puternic\u0103 pielii obosite. Ca rezultat al studiului, cantitatea de substan\u021be imune anti-cancer \u00een ciuperca conopid\u0103 este de 3 ori mai mare dec\u00e2t cea a ciupercii Maitake, de 12 ori mai mare dec\u00e2t cea a ciupercii Shiitake \u0219i de 3 ori mai mare dec\u00e2t cea a ciupercii Ganoderma lucidum.<\/li>\n<\/ul>\n<p>&nbsp;<\/p>\n<h3><strong>Volum:<\/strong><\/h3>\n<p>20 g<\/p>\n<h3><strong>Mod de Utilizare:<\/strong><\/h3>\n<p>Aplica\u021bi u\u0219or pe fa\u021b\u0103 \u0219i \u00eentinde\u021bi u\u0219or pe toat\u0103 fa\u021ba.<br \/>\nOfer\u0103 protec\u021bie pielii \u0219i ajut\u0103 la re\u00eentinerirea intens\u0103 a pielii dup\u0103 utilizarea dispozitivelor energetice (Laser, Ultrasonic, Frecven\u021b\u0103 \u00cenalt\u0103) \u0219i MTS, peeling fizic sau chimic etc.<\/p>\n<p><strong>Precau\u021bii \u00een Utilizare:<\/strong><\/p>\n<p>1. Dac\u0103 apar ro\u0219ea\u021b\u0103, umfl\u0103turi, m\u00e2nc\u0103rime \u0219i\/sau irita\u021bii prin expunere direct\u0103 la soare, \u00een timp ce folose\u0219ti sau dup\u0103 folosirea acestui produs, consult\u0103 un medic.<br \/>\n2. Nu folosi acest produs pe r\u0103ni sau zone iritate de dermatit\u0103 \u0219i alte boli ale pielii.<br \/>\n3. Precau\u021bii pentru tratament \u0219i p\u0103strare: 1) A nu se l\u0103sa la \u00eendem\u00e2na copiilor. 2) Nu depozita \u00een lumina direct\u0103 a soarelui<\/p>\n<p>&nbsp;<\/p>\n<div style=\"width: 400px;\" class=\"wp-video\"><video class=\"wp-video-shortcode\" id=\"video-14462-1\" width=\"400\" height=\"650\" preload=\"metadata\" controls=\"controls\"><source type=\"video\/mp4\" src=\"https:\/\/cosmetikorean.com\/wp-content\/uploads\/2024\/07\/SHANAPeptaregeno_influ_\uc751\uc9c0\ub2c8-1.mp4?_=1\" \/><a href=\"https:\/\/cosmetikorean.com\/wp-content\/uploads\/2024\/07\/SHANAPeptaregeno_influ_\uc751\uc9c0\ub2c8-1.mp4\">https:\/\/cosmetikorean.com\/wp-content\/uploads\/2024\/07\/SHANAPeptaregeno_influ_\uc751\uc9c0\ub2c8-1.mp4<\/a><\/video><\/div>\n<\/div>\n<\/div>\n<\/div>\n","protected":false},"excerpt":{"rendered":"<p>Cosmetic\u0103 Premium DAYLISSE. Cea mai bun\u0103 solu\u021bie pentru o frumuse\u021be mai rezistent\u0103 ! Unguent regeno intensiv premium cu 4-Peptide Complex + Ceramide NP este o solu\u021bie care ajut\u0103 la stresul pielii cauzat de irita\u021biile externe. Aplicabil pentru: piele dup\u0103 dispozitiv energetic sau peeling, piele sensibil\u0103 1g pentru o utilizare \/ 2-3 s\u0103pt\u0103m\u00e2ni Recomandat pentru cei [&hellip;]<\/p>\n","protected":false},"featured_media":14465,"template":"","meta":{"ocean_post_layout":"","ocean_both_sidebars_style":"","ocean_both_sidebars_content_width":0,"ocean_both_sidebars_sidebars_width":0,"ocean_sidebar":"0","ocean_second_sidebar":"0","ocean_disable_margins":"enable","ocean_add_body_class":"","ocean_shortcode_before_top_bar":"","ocean_shortcode_after_top_bar":"","ocean_shortcode_before_header":"","ocean_shortcode_after_header":"","ocean_has_shortcode":"","ocean_shortcode_after_title":"","ocean_shortcode_before_footer_widgets":"","ocean_shortcode_after_footer_widgets":"","ocean_shortcode_before_footer_bottom":"","ocean_shortcode_after_footer_bottom":"","ocean_display_top_bar":"default","ocean_display_header":"default","ocean_header_style":"","ocean_center_header_left_menu":"0","ocean_custom_header_template":"0","ocean_custom_logo":0,"ocean_custom_retina_logo":0,"ocean_custom_logo_max_width":0,"ocean_custom_logo_tablet_max_width":0,"ocean_custom_logo_mobile_max_width":0,"ocean_custom_logo_max_height":0,"ocean_custom_logo_tablet_max_height":0,"ocean_custom_logo_mobile_max_height":0,"ocean_header_custom_menu":"0","ocean_menu_typo_font_family":"0","ocean_menu_typo_font_subset":"","ocean_menu_typo_font_size":0,"ocean_menu_typo_font_size_tablet":0,"ocean_menu_typo_font_size_mobile":0,"ocean_menu_typo_font_size_unit":"px","ocean_menu_typo_font_weight":"","ocean_menu_typo_font_weight_tablet":"","ocean_menu_typo_font_weight_mobile":"","ocean_menu_typo_transform":"","ocean_menu_typo_transform_tablet":"","ocean_menu_typo_transform_mobile":"","ocean_menu_typo_line_height":0,"ocean_menu_typo_line_height_tablet":0,"ocean_menu_typo_line_height_mobile":0,"ocean_menu_typo_line_height_unit":"","ocean_menu_typo_spacing":0,"ocean_menu_typo_spacing_tablet":0,"ocean_menu_typo_spacing_mobile":0,"ocean_menu_typo_spacing_unit":"","ocean_menu_link_color":"","ocean_menu_link_color_hover":"","ocean_menu_link_color_active":"","ocean_menu_link_background":"","ocean_menu_link_hover_background":"","ocean_menu_link_active_background":"","ocean_menu_social_links_bg":"","ocean_menu_social_hover_links_bg":"","ocean_menu_social_links_color":"","ocean_menu_social_hover_links_color":"","ocean_disable_title":"default","ocean_disable_heading":"default","ocean_post_title":"","ocean_post_subheading":"","ocean_post_title_style":"","ocean_post_title_background_color":"","ocean_post_title_background":0,"ocean_post_title_bg_image_position":"","ocean_post_title_bg_image_attachment":"","ocean_post_title_bg_image_repeat":"","ocean_post_title_bg_image_size":"","ocean_post_title_height":0,"ocean_post_title_bg_overlay":0.5,"ocean_post_title_bg_overlay_color":"","ocean_disable_breadcrumbs":"default","ocean_breadcrumbs_color":"","ocean_breadcrumbs_separator_color":"","ocean_breadcrumbs_links_color":"","ocean_breadcrumbs_links_hover_color":"","ocean_display_footer_widgets":"default","ocean_display_footer_bottom":"default","ocean_custom_footer_template":"0"},"product_brand":[],"product_cat":[597,483],"product_tag":[544],"class_list":{"0":"post-14462","1":"product","2":"type-product","3":"status-publish","4":"has-post-thumbnail","6":"product_cat-daylisse-dermocosmetice","7":"product_cat-cosmetice","8":"product_tag-daylisse","10":"entry","11":"has-media","13":"first","14":"instock","15":"taxable","16":"shipping-taxable","17":"product-type-simple","18":"has-product-nav","19":"col","20":"span_1_of_4","21":"owp-content-center","22":"owp-thumbs-layout-horizontal","23":"owp-btn-normal","24":"owp-tabs-layout-horizontal"},"_links":{"self":[{"href":"https:\/\/cosmetikorean.com\/en\/wp-json\/wp\/v2\/product\/14462","targetHints":{"allow":["GET"]}}],"collection":[{"href":"https:\/\/cosmetikorean.com\/en\/wp-json\/wp\/v2\/product"}],"about":[{"href":"https:\/\/cosmetikorean.com\/en\/wp-json\/wp\/v2\/types\/product"}],"wp:featuredmedia":[{"embeddable":true,"href":"https:\/\/cosmetikorean.com\/en\/wp-json\/wp\/v2\/media\/14465"}],"wp:attachment":[{"href":"https:\/\/cosmetikorean.com\/en\/wp-json\/wp\/v2\/media?parent=14462"}],"wp:term":[{"taxonomy":"product_brand","embeddable":true,"href":"https:\/\/cosmetikorean.com\/en\/wp-json\/wp\/v2\/product_brand?post=14462"},{"taxonomy":"product_cat","embeddable":true,"href":"https:\/\/cosmetikorean.com\/en\/wp-json\/wp\/v2\/product_cat?post=14462"},{"taxonomy":"product_tag","embeddable":true,"href":"https:\/\/cosmetikorean.com\/en\/wp-json\/wp\/v2\/product_tag?post=14462"}],"curies":[{"name":"wp","href":"https:\/\/api.w.org\/{rel}","templated":true}]}}