{"id":14448,"date":"2024-07-30T16:14:41","date_gmt":"2024-07-30T13:14:41","guid":{"rendered":"https:\/\/cosmetikorean.com\/?post_type=product&#038;p=14448"},"modified":"2024-07-31T13:48:41","modified_gmt":"2024-07-31T10:48:41","slug":"crema-silkpro-pepta-reage-lisse-korea-inc-20g","status":"publish","type":"product","link":"https:\/\/cosmetikorean.com\/en\/produs\/crema-silkpro-pepta-reage-lisse-korea-inc-20g\/","title":{"rendered":"Crema Daylisse Silkpro-Pepta Reage, Lisse Korea Inc., 20g"},"content":{"rendered":"<div class=\"flex flex-grow flex-col max-w-full\">\n<div class=\"min-h-[20px] text-message flex flex-col items-start gap-3 whitespace-pre-wrap break-words [.text-message+&amp;]:mt-5 overflow-x-auto\" data-message-author-role=\"assistant\" data-message-id=\"ff2138e4-0e12-4801-ad2a-c3f5d950b4dc\">\n<div class=\"markdown prose w-full break-words dark:prose-invert dark\">\n<p><strong>\u00cengrijire intensiv\u0103 anti-\u00eemb\u0103tr\u00e2nire<\/strong><\/p>\n<p>Protein\u0103 de m\u0103tase + 12-peptide + Complex de Colagen<br \/>\nElasticitatea pielii, \u00eembun\u0103t\u0103\u021birea ridurilor \u0219i hidratarea simultan cu o textur\u0103 bogat\u0103 \u00een nutrien\u021bi<\/p>\n<p>Aplicabil pentru: piele uscat\u0103, piele mixt\u0103, piele sensibil\u0103<\/p>\n<p>1g pentru o utilizare \/ 2-3 s\u0103pt\u0103m\u00e2ni<\/p>\n<p>Recomandat pentru cei care:<\/p>\n<ul>\n<li>au elasticitatea pielii redus\u0103<\/li>\n<li>sunt \u00eengrijora\u021bi de ridurile fine din jurul ochilor, frun\u021bii \u0219i gurii<\/li>\n<li>au imunitatea pielii sc\u0103zut\u0103<\/li>\n<li>sunt \u00eengrijora\u021bi de pielea neuniform\u0103<\/li>\n<\/ul>\n<p>&nbsp;<\/p>\n<p>Principalele ingrediente active:<\/p>\n<ul>\n<li><strong>Ap\u0103 de m\u0103tase \u00een loc de ap\u0103 purificat\u0103: <\/strong>Aminoacizii de m\u0103tase sunt foarte similari \u00een compozi\u021bie cu proteinele pielii umane, astfel \u00eenc\u00e2t sunt u\u0219or absorbi\u021bi \u00een piele \u0219i sunt eficien\u021bi \u00een furnizarea de nutri\u021bie \u0219i regenerare pielii.<\/li>\n<li><strong>12 tipuri de peptide premium pentru str\u00e2ngerea ridurilor \u0219i porilor pielii: <\/strong>sh-Oligopeptide-1(EGF), Acetyl Hexapeptide-8, sh-Oligopeptide-2, sh-Polypeptide-1, sh-Polypeptide-9, sh-Polypeptide-11, Tripeptide-6, Copper Tripeptide-1, Palmitoyl Tetrapeptide-7, Hexapeptide-9, Nonapeptide-1, Tetrapeptide-44<\/li>\n<li><strong>Colagenul, cea mai important\u0103 structur\u0103 pentru 75% din dermul pielii: <\/strong>Complexul de colagen 9 con\u021bine 9 tipuri de colagen complex, \u00eembun\u0103t\u0103\u021be\u0219te hidratarea pielii, furnizeaz\u0103 nutri\u021bie pe parcursul \u00eentregii zile \u0219i \u00eent\u0103re\u0219te stratul dermic<\/li>\n<li><strong>Solu\u021bie calmant\u0103 pentru piele din extracte naturale: <\/strong>Extract de frunz\u0103 de Centella asiatica, extract de portulac, extract de nalb\u0103, extract de frunz\u0103 de aloe vera, extract de r\u0103d\u0103cin\u0103, extract de trestie. Con\u021bin\u00e2nd extracte naturale pentru a calma pielea, \u00eent\u0103re\u0219te for\u021ba natural\u0103 a pielii \u0219i o face s\u0103n\u0103toas\u0103 \u0219i str\u0103lucitoare<\/li>\n<li><strong>Extract de celule stem vegetale: <\/strong>Extract de calus de struguri, calus de lotus. Celulele stem vegetale promoveaz\u0103 diviziunea celular\u0103 a pielii pentru a crea noi celule ale pielii \u0219i a cre\u0219te regenerarea pielii<\/li>\n<li><strong>Efect antioxidant puternic al hidrogenului: <\/strong>Hidrogenul este cel mai mic antioxidant din lume \u0219i are o putere de reducere uimitoare de 176 de ori mai mare dec\u00e2t vitamina C \u0219i de 863 de ori mai mare dec\u00e2t coenzima Q10.<\/li>\n<\/ul>\n<p>&nbsp;<\/p>\n<h3><strong>Volum:<\/strong><\/h3>\n<p>20 g<\/p>\n<h3><strong>Mod de Utilizare:<\/strong><\/h3>\n<p>Aplica\u021bi u\u0219or pe fa\u021b\u0103 \u0219i \u00eentinde\u021bi u\u0219or pe toat\u0103 fa\u021ba.<\/p>\n<p><strong>Precau\u021bii \u00een Utilizare:<\/strong><\/p>\n<p>1. Dac\u0103 apar ro\u0219ea\u021b\u0103, umfl\u0103turi, m\u00e2nc\u0103rime \u0219i\/sau irita\u021bii prin expunere direct\u0103 la soare, \u00een timp ce folose\u0219ti sau dup\u0103 folosirea acestui produs, consult\u0103 un medic.<br \/>\n2. Nu folosi acest produs pe r\u0103ni sau zone iritate de dermatit\u0103 \u0219i alte boli ale pielii.<br \/>\n3. Precau\u021bii pentru tratament \u0219i p\u0103strare: 1) A nu se l\u0103sa la \u00eendem\u00e2na copiilor. 2) Nu depozita \u00een lumina direct\u0103 a soarelui<\/p>\n<\/div>\n<\/div>\n<\/div>\n","protected":false},"excerpt":{"rendered":"<p>\u00cengrijire intensiv\u0103 anti-\u00eemb\u0103tr\u00e2nire Protein\u0103 de m\u0103tase + 12-peptide + Complex de Colagen Elasticitatea pielii, \u00eembun\u0103t\u0103\u021birea ridurilor \u0219i hidratarea simultan cu o textur\u0103 bogat\u0103 \u00een nutrien\u021bi Aplicabil pentru: piele uscat\u0103, piele mixt\u0103, piele sensibil\u0103 1g pentru o utilizare \/ 2-3 s\u0103pt\u0103m\u00e2ni Recomandat pentru cei care: au elasticitatea pielii redus\u0103 sunt \u00eengrijora\u021bi de ridurile fine din jurul [&hellip;]<\/p>\n","protected":false},"featured_media":14450,"template":"","meta":{"ocean_post_layout":"","ocean_both_sidebars_style":"","ocean_both_sidebars_content_width":0,"ocean_both_sidebars_sidebars_width":0,"ocean_sidebar":"0","ocean_second_sidebar":"0","ocean_disable_margins":"enable","ocean_add_body_class":"","ocean_shortcode_before_top_bar":"","ocean_shortcode_after_top_bar":"","ocean_shortcode_before_header":"","ocean_shortcode_after_header":"","ocean_has_shortcode":"","ocean_shortcode_after_title":"","ocean_shortcode_before_footer_widgets":"","ocean_shortcode_after_footer_widgets":"","ocean_shortcode_before_footer_bottom":"","ocean_shortcode_after_footer_bottom":"","ocean_display_top_bar":"default","ocean_display_header":"default","ocean_header_style":"","ocean_center_header_left_menu":"0","ocean_custom_header_template":"0","ocean_custom_logo":0,"ocean_custom_retina_logo":0,"ocean_custom_logo_max_width":0,"ocean_custom_logo_tablet_max_width":0,"ocean_custom_logo_mobile_max_width":0,"ocean_custom_logo_max_height":0,"ocean_custom_logo_tablet_max_height":0,"ocean_custom_logo_mobile_max_height":0,"ocean_header_custom_menu":"0","ocean_menu_typo_font_family":"0","ocean_menu_typo_font_subset":"","ocean_menu_typo_font_size":0,"ocean_menu_typo_font_size_tablet":0,"ocean_menu_typo_font_size_mobile":0,"ocean_menu_typo_font_size_unit":"px","ocean_menu_typo_font_weight":"","ocean_menu_typo_font_weight_tablet":"","ocean_menu_typo_font_weight_mobile":"","ocean_menu_typo_transform":"","ocean_menu_typo_transform_tablet":"","ocean_menu_typo_transform_mobile":"","ocean_menu_typo_line_height":0,"ocean_menu_typo_line_height_tablet":0,"ocean_menu_typo_line_height_mobile":0,"ocean_menu_typo_line_height_unit":"","ocean_menu_typo_spacing":0,"ocean_menu_typo_spacing_tablet":0,"ocean_menu_typo_spacing_mobile":0,"ocean_menu_typo_spacing_unit":"","ocean_menu_link_color":"","ocean_menu_link_color_hover":"","ocean_menu_link_color_active":"","ocean_menu_link_background":"","ocean_menu_link_hover_background":"","ocean_menu_link_active_background":"","ocean_menu_social_links_bg":"","ocean_menu_social_hover_links_bg":"","ocean_menu_social_links_color":"","ocean_menu_social_hover_links_color":"","ocean_disable_title":"default","ocean_disable_heading":"default","ocean_post_title":"","ocean_post_subheading":"","ocean_post_title_style":"","ocean_post_title_background_color":"","ocean_post_title_background":0,"ocean_post_title_bg_image_position":"","ocean_post_title_bg_image_attachment":"","ocean_post_title_bg_image_repeat":"","ocean_post_title_bg_image_size":"","ocean_post_title_height":0,"ocean_post_title_bg_overlay":0.5,"ocean_post_title_bg_overlay_color":"","ocean_disable_breadcrumbs":"default","ocean_breadcrumbs_color":"","ocean_breadcrumbs_separator_color":"","ocean_breadcrumbs_links_color":"","ocean_breadcrumbs_links_hover_color":"","ocean_display_footer_widgets":"default","ocean_display_footer_bottom":"default","ocean_custom_footer_template":"0"},"product_brand":[],"product_cat":[597,483],"product_tag":[544],"class_list":{"0":"post-14448","1":"product","2":"type-product","3":"status-publish","4":"has-post-thumbnail","6":"product_cat-daylisse-dermocosmetice","7":"product_cat-cosmetice","8":"product_tag-daylisse","10":"entry","11":"has-media","13":"first","14":"instock","15":"taxable","16":"shipping-taxable","17":"product-type-simple","18":"has-product-nav","19":"col","20":"span_1_of_4","21":"owp-content-center","22":"owp-thumbs-layout-horizontal","23":"owp-btn-normal","24":"owp-tabs-layout-horizontal"},"_links":{"self":[{"href":"https:\/\/cosmetikorean.com\/en\/wp-json\/wp\/v2\/product\/14448","targetHints":{"allow":["GET"]}}],"collection":[{"href":"https:\/\/cosmetikorean.com\/en\/wp-json\/wp\/v2\/product"}],"about":[{"href":"https:\/\/cosmetikorean.com\/en\/wp-json\/wp\/v2\/types\/product"}],"wp:featuredmedia":[{"embeddable":true,"href":"https:\/\/cosmetikorean.com\/en\/wp-json\/wp\/v2\/media\/14450"}],"wp:attachment":[{"href":"https:\/\/cosmetikorean.com\/en\/wp-json\/wp\/v2\/media?parent=14448"}],"wp:term":[{"taxonomy":"product_brand","embeddable":true,"href":"https:\/\/cosmetikorean.com\/en\/wp-json\/wp\/v2\/product_brand?post=14448"},{"taxonomy":"product_cat","embeddable":true,"href":"https:\/\/cosmetikorean.com\/en\/wp-json\/wp\/v2\/product_cat?post=14448"},{"taxonomy":"product_tag","embeddable":true,"href":"https:\/\/cosmetikorean.com\/en\/wp-json\/wp\/v2\/product_tag?post=14448"}],"curies":[{"name":"wp","href":"https:\/\/api.w.org\/{rel}","templated":true}]}}