{"id":14424,"date":"2024-07-29T17:09:04","date_gmt":"2024-07-29T14:09:04","guid":{"rendered":"https:\/\/cosmetikorean.com\/?post_type=product&#038;p=14424"},"modified":"2024-07-30T15:27:05","modified_gmt":"2024-07-30T12:27:05","slug":"fiola-daylisse-milk-mide-blemish-lisse-korea-inc-21ml-copiaza","status":"publish","type":"product","link":"https:\/\/cosmetikorean.com\/en\/produs\/fiola-daylisse-milk-mide-blemish-lisse-korea-inc-21ml-copiaza\/","title":{"rendered":"Fiola Daylisse Milk-Mide Blemish, Lisse Korea Inc., 21ml"},"content":{"rendered":"<div class=\"flex flex-grow flex-col max-w-full\">\n<div class=\"min-h-[20px] text-message flex flex-col items-start gap-3 whitespace-pre-wrap break-words [.text-message+&amp;]:mt-5 overflow-x-auto\" data-message-author-role=\"assistant\" data-message-id=\"ff2138e4-0e12-4801-ad2a-c3f5d950b4dc\">\n<div class=\"markdown prose w-full break-words dark:prose-invert dark\">\n<p><strong>\u00cengrijire intensiv\u0103 de \u00eenalt\u0103 clas\u0103 pentru pete<\/strong><\/p>\n<p>\u00cembun\u0103t\u0103\u021birea petelor pielii \u00een 2 s\u0103pt\u0103m\u00e2ni:<\/p>\n<ul>\n<li>con\u021bine 20% proteine din lapte + 5% Niacinamid\u0103 + D-Phytogen brevetat<\/li>\n<li>textur\u0103 care se absoarbe revigorant f\u0103r\u0103 a fi lipicioas\u0103 \u0219i umple pielea cu hidratare profund\u0103<\/li>\n<li>tip de piele recomandat: Piele uscat\u0103 \/ Piele gras\u0103 \/ Piele normal\u0103 \/ Piele mixt\u0103 \/ Piele cu pete \/ Piele tern\u0103<\/li>\n<\/ul>\n<p>&nbsp;<br \/>\n1g pentru o utilizare \/ 2-3 s\u0103pt\u0103m\u00e2ni<\/p>\n<p>Recomandat pentru cei care:<\/p>\n<ul>\n<li>au dificult\u0103\u021bi \u00een aplicarea machiajului sau absorb\u021bia acestuia din cauza unei bariere cutanate compromise<\/li>\n<li>sunt deranja\u021bi de ochii ad\u00e2nci\u021bi \u0219i ridurile din jurul gurii<\/li>\n<li>sunt \u00eengrijora\u021bi de oboseala pielii cauzat\u0103 de diferen\u021bele de temperatur\u0103, praf fin, razele UV etc.<\/li>\n<li>vor s\u0103 recupereze vitalitatea pielii cu un aspect str\u0103lucitor \u0219i proasp\u0103t<\/li>\n<li>vor s\u0103 rezolve nu doar problemele de nutri\u021bie \u0219i hidratare, ci \u0219i de elasticitate a pielii<\/li>\n<\/ul>\n<p><strong>\u00a0<\/strong><\/p>\n<p><strong>Rezultatul testelor clinice<\/strong>:<\/p>\n<ul>\n<li>\u00cembun\u0103t\u0103\u021birea melasmei \u0219i a pigment\u0103rii<\/li>\n<li>\u00cembun\u0103t\u0103\u021birea ariei de melanin\u0103<\/li>\n<li>\u00cembun\u0103t\u0103\u021birea pistruilor ad\u00e2nci invizibili cu ochiul liber<\/li>\n<li>\u00cembun\u0103t\u0103\u021birea tonusului pielii \/ \u00cembun\u0103t\u0103\u021birea albirii<\/li>\n<li>Efect calmant imediat asupra pielii deteriorate de irita\u021bii externe<\/li>\n<\/ul>\n<p>&nbsp;<\/p>\n<p>Principalele ingrediente active:<\/p>\n<ul>\n<li><strong>\u00cengrijirea petelor: <\/strong>Niacinamid\u0103 (5%), Ap\u0103 de t\u0103r\u00e2\u021be de orez Oryza Sativa, Extract de t\u0103r\u00e2\u021be de orez Oryza Sativa, Glutation.<\/li>\n<li><strong>20% proteine din lapte, <\/strong>pentru a stimula imunitatea pielii.<\/li>\n<li><strong>Vitamina B3 &#8211; 5% Niacinamid\u0103: <\/strong>ingredient de albire non-iritant, ajut\u0103 la \u00eembun\u0103t\u0103\u021birea tonusului pielii \u0219i blocheaz\u0103 calea melaninei c\u0103tre suprafa\u021ba pielii<\/li>\n<li><strong>Complex de 8 acizi hialuronici: <\/strong>Hialuronat de sodiu, Hydroxypropyl trimonium Hyaluronate, Sodium Acetylated Hyaluronate, Acid hialuronic hidrolizat, Acid hialuronic, Hialuronat de sodiu, Hialuronat de sodiu hidrolizat, Potasiu<\/li>\n<li><strong>Ingredient de albire hipoalergenic u\u0219or g\u0103sit \u00een natur\u0103: <\/strong>Ap\u0103 de t\u0103r\u00e2\u021be de orez, extract de t\u0103r\u00e2\u021be de orez \u0219i ulei de t\u0103r\u00e2\u021be de orez. Apa de t\u0103r\u00e2\u021be de orez este folosit\u0103 \u00een locul apei purificate. Polifenolii naturali din t\u0103r\u00e2\u021bele de orez previn oxidarea pielii \u0219i ajut\u0103 la albirea pielii<\/li>\n<li><strong>D-Phytogen Ingredient brevetat de albire vegan: <\/strong>6 tipuri de soia pentru efecte de albire \u0219i antiinflamatoare.<\/li>\n<\/ul>\n<p>&nbsp;<\/p>\n<h3><strong>Volum:<\/strong><\/h3>\n<p>21 ml<\/p>\n<h3><strong>Mod de Utilizare:<\/strong><\/h3>\n<p>Aplica\u021bi u\u0219or pe fa\u021b\u0103 \u0219i \u00eentinde\u021bi u\u0219or pe toat\u0103 fa\u021ba.<\/p>\n<p>1. Verifica\u021bi s\u0103ge\u021bile de pe capacele albe ale fiolelor 1 \u0219i 2, trage\u021bi \u00een sus capacul alb pentru a-l scoate \u0219i deschide\u021bi capacul gri de cauciuc. (Fi\u021bi aten\u021bi c\u00e2nd deschide\u021bi capacul fiolei, deoarece metalul este ascu\u021bit.)<br \/>\n2. Turna\u021bi tot con\u021binutul fiolei 2 \u00een fiola 1.<br \/>\n3. Introduce\u021bi conul \u00een flaconul fiolei nr. 1 \u0219i agita\u021bi bine pentru a amesteca.<br \/>\n4. Regla\u021bi cantitatea de fiol\u0103 ap\u0103s\u00e2nd centrul conului, aplica\u021bi uniform pe fa\u021b\u0103 \u0219i tapota\u021bi u\u0219or pentru absorb\u021bie.<\/p>\n<p><strong>Precau\u021bii \u00een Utilizare:<\/strong><\/p>\n<p>1. Dac\u0103 apar ro\u0219ea\u021b\u0103, umfl\u0103turi, m\u00e2nc\u0103rime \u0219i\/sau irita\u021bii prin expunere direct\u0103 la soare, \u00een timp ce folose\u0219ti sau dup\u0103 folosirea acestui produs, consult\u0103 un medic.<br \/>\n2. Nu folosi acest produs pe r\u0103ni sau zone iritate de dermatit\u0103 \u0219i alte boli ale pielii.<br \/>\n3. Precau\u021bii pentru tratament \u0219i p\u0103strare: 1) A nu se l\u0103sa la \u00eendem\u00e2na copiilor. 2) Nu depozita \u00een lumina direct\u0103 a soarelui<\/p>\n<\/div>\n<\/div>\n<\/div>\n","protected":false},"excerpt":{"rendered":"<p>\u00cengrijire intensiv\u0103 de \u00eenalt\u0103 clas\u0103 pentru pete \u00cembun\u0103t\u0103\u021birea petelor pielii \u00een 2 s\u0103pt\u0103m\u00e2ni: con\u021bine 20% proteine din lapte + 5% Niacinamid\u0103 + D-Phytogen brevetat textur\u0103 care se absoarbe revigorant f\u0103r\u0103 a fi lipicioas\u0103 \u0219i umple pielea cu hidratare profund\u0103 tip de piele recomandat: Piele uscat\u0103 \/ Piele gras\u0103 \/ Piele normal\u0103 \/ Piele mixt\u0103 \/ [&hellip;]<\/p>\n","protected":false},"featured_media":14435,"template":"","meta":{"ocean_post_layout":"","ocean_both_sidebars_style":"","ocean_both_sidebars_content_width":0,"ocean_both_sidebars_sidebars_width":0,"ocean_sidebar":"0","ocean_second_sidebar":"0","ocean_disable_margins":"enable","ocean_add_body_class":"","ocean_shortcode_before_top_bar":"","ocean_shortcode_after_top_bar":"","ocean_shortcode_before_header":"","ocean_shortcode_after_header":"","ocean_has_shortcode":"","ocean_shortcode_after_title":"","ocean_shortcode_before_footer_widgets":"","ocean_shortcode_after_footer_widgets":"","ocean_shortcode_before_footer_bottom":"","ocean_shortcode_after_footer_bottom":"","ocean_display_top_bar":"default","ocean_display_header":"default","ocean_header_style":"","ocean_center_header_left_menu":"0","ocean_custom_header_template":"0","ocean_custom_logo":0,"ocean_custom_retina_logo":0,"ocean_custom_logo_max_width":0,"ocean_custom_logo_tablet_max_width":0,"ocean_custom_logo_mobile_max_width":0,"ocean_custom_logo_max_height":0,"ocean_custom_logo_tablet_max_height":0,"ocean_custom_logo_mobile_max_height":0,"ocean_header_custom_menu":"0","ocean_menu_typo_font_family":"0","ocean_menu_typo_font_subset":"","ocean_menu_typo_font_size":0,"ocean_menu_typo_font_size_tablet":0,"ocean_menu_typo_font_size_mobile":0,"ocean_menu_typo_font_size_unit":"px","ocean_menu_typo_font_weight":"","ocean_menu_typo_font_weight_tablet":"","ocean_menu_typo_font_weight_mobile":"","ocean_menu_typo_transform":"","ocean_menu_typo_transform_tablet":"","ocean_menu_typo_transform_mobile":"","ocean_menu_typo_line_height":0,"ocean_menu_typo_line_height_tablet":0,"ocean_menu_typo_line_height_mobile":0,"ocean_menu_typo_line_height_unit":"","ocean_menu_typo_spacing":0,"ocean_menu_typo_spacing_tablet":0,"ocean_menu_typo_spacing_mobile":0,"ocean_menu_typo_spacing_unit":"","ocean_menu_link_color":"","ocean_menu_link_color_hover":"","ocean_menu_link_color_active":"","ocean_menu_link_background":"","ocean_menu_link_hover_background":"","ocean_menu_link_active_background":"","ocean_menu_social_links_bg":"","ocean_menu_social_hover_links_bg":"","ocean_menu_social_links_color":"","ocean_menu_social_hover_links_color":"","ocean_disable_title":"default","ocean_disable_heading":"default","ocean_post_title":"","ocean_post_subheading":"","ocean_post_title_style":"","ocean_post_title_background_color":"","ocean_post_title_background":0,"ocean_post_title_bg_image_position":"","ocean_post_title_bg_image_attachment":"","ocean_post_title_bg_image_repeat":"","ocean_post_title_bg_image_size":"","ocean_post_title_height":0,"ocean_post_title_bg_overlay":0.5,"ocean_post_title_bg_overlay_color":"","ocean_disable_breadcrumbs":"default","ocean_breadcrumbs_color":"","ocean_breadcrumbs_separator_color":"","ocean_breadcrumbs_links_color":"","ocean_breadcrumbs_links_hover_color":"","ocean_display_footer_widgets":"default","ocean_display_footer_bottom":"default","ocean_custom_footer_template":"0"},"product_brand":[],"product_cat":[597,483],"product_tag":[544],"class_list":{"0":"post-14424","1":"product","2":"type-product","3":"status-publish","4":"has-post-thumbnail","6":"product_cat-daylisse-dermocosmetice","7":"product_cat-cosmetice","8":"product_tag-daylisse","10":"entry","11":"has-media","13":"first","14":"instock","15":"taxable","16":"shipping-taxable","17":"product-type-simple","18":"has-product-nav","19":"col","20":"span_1_of_4","21":"owp-content-center","22":"owp-thumbs-layout-horizontal","23":"owp-btn-normal","24":"owp-tabs-layout-horizontal"},"_links":{"self":[{"href":"https:\/\/cosmetikorean.com\/en\/wp-json\/wp\/v2\/product\/14424","targetHints":{"allow":["GET"]}}],"collection":[{"href":"https:\/\/cosmetikorean.com\/en\/wp-json\/wp\/v2\/product"}],"about":[{"href":"https:\/\/cosmetikorean.com\/en\/wp-json\/wp\/v2\/types\/product"}],"wp:featuredmedia":[{"embeddable":true,"href":"https:\/\/cosmetikorean.com\/en\/wp-json\/wp\/v2\/media\/14435"}],"wp:attachment":[{"href":"https:\/\/cosmetikorean.com\/en\/wp-json\/wp\/v2\/media?parent=14424"}],"wp:term":[{"taxonomy":"product_brand","embeddable":true,"href":"https:\/\/cosmetikorean.com\/en\/wp-json\/wp\/v2\/product_brand?post=14424"},{"taxonomy":"product_cat","embeddable":true,"href":"https:\/\/cosmetikorean.com\/en\/wp-json\/wp\/v2\/product_cat?post=14424"},{"taxonomy":"product_tag","embeddable":true,"href":"https:\/\/cosmetikorean.com\/en\/wp-json\/wp\/v2\/product_tag?post=14424"}],"curies":[{"name":"wp","href":"https:\/\/api.w.org\/{rel}","templated":true}]}}