{"id":14400,"date":"2024-07-29T09:14:39","date_gmt":"2024-07-29T06:14:39","guid":{"rendered":"https:\/\/cosmetikorean.com\/?post_type=product&#038;p=14400"},"modified":"2024-07-29T14:26:16","modified_gmt":"2024-07-29T11:26:16","slug":"fiola-daylisse-royalpolis-night-lisse-korea-inc-21ml","status":"publish","type":"product","link":"https:\/\/cosmetikorean.com\/en\/produs\/fiola-daylisse-royalpolis-night-lisse-korea-inc-21ml\/","title":{"rendered":"Fiola Daylisse Royalpolis Night, Lisse Korea Inc., 21ml"},"content":{"rendered":"<div class=\"flex flex-grow flex-col max-w-full\">\n<div class=\"min-h-[20px] text-message flex flex-col items-start gap-3 whitespace-pre-wrap break-words [.text-message+&amp;]:mt-5 overflow-x-auto\" data-message-author-role=\"assistant\" data-message-id=\"ff2138e4-0e12-4801-ad2a-c3f5d950b4dc\">\n<div class=\"markdown prose w-full break-words dark:prose-invert dark\">\n<p><strong>A\u0219teapt\u0103 ca pielea ta de diminea\u021b\u0103 s\u0103 renasc\u0103!<\/strong><\/p>\n<p>\u00ce\u021bi umple pielea cu vitalitate \u0219i nutri\u021bie peste noapte.<\/p>\n<p>Daylisse Royalpolis Night Ampoule este o fiol\u0103 de nutri\u021bie creat\u0103 cu combina\u021bia perfect\u0103 de l\u0103pti\u0219or de matc\u0103, propolis \u0219i acid hialuronic cu ingrediente premium pentru albirea pielii, pentru a \u00eembun\u0103t\u0103\u021bi pielea pentru diminea\u021ba urm\u0103toare. Formula lipicioas\u0103 ader\u0103 str\u00e2ns la piele \u0219i formeaz\u0103 un film protector pe \u00eentreaga piele.<\/p>\n<p>1g pentru o utilizare \/ 2-3 s\u0103pt\u0103m\u00e2ni<\/p>\n<p>Recomandat pentru cei care:<\/p>\n<ul>\n<li>au dificult\u0103\u021bi \u00een aplicarea machiajului sau absorb\u021bia acestuia din cauza unei bariere cutanate compromise<\/li>\n<li>sunt deranja\u021bi de ochii ad\u00e2nci\u021bi \u0219i ridurile din jurul gurii<\/li>\n<li>sunt \u00eengrijora\u021bi de oboseala pielii cauzat\u0103 de diferen\u021bele de temperatur\u0103, praf fin, razele UV etc.<\/li>\n<li>vor s\u0103 recupereze vitalitatea pielii cu un aspect str\u0103lucitor \u0219i proasp\u0103t<\/li>\n<li>vor s\u0103 rezolve nu doar problemele de nutri\u021bie \u0219i hidratare, ci \u0219i de elasticitate a pielii<\/li>\n<\/ul>\n<p>&nbsp;<\/p>\n<p>Principalele ingrediente active:<\/p>\n<ul>\n<li><strong>Experimenteaz\u0103 cea mai bun\u0103 condi\u021bie a pielii cu formula RPHC-4: <\/strong>Propolis, l\u0103pti\u0219or de matc\u0103, extract de Centella \u0219i acid hialuronic. Este dezvoltat de cercet\u0103torii Daylisse pentru pielea ta obosit\u0103, devenit\u0103 aspr\u0103, cu riduri tot mai ad\u00e2nci \u00een fiecare zi.<br \/>\nOfer\u0103 nutri\u021bie \u00een fisurile pielii pentru a \u00eent\u0103ri bariera de protec\u021bie a pielii.<\/li>\n<li><strong>Ap\u0103 micro bule prin electroliz\u0103, factor natural de hidratare: <\/strong>Toate produsele Daylisse folosesc ap\u0103 micro bule prin electroliz\u0103 cu propriet\u0103\u021bi antibacteriene \u00een loc de ap\u0103 purificat\u0103<\/li>\n<li><strong>Energie dual\u0103 de culoare pentru a restabili nutri\u021bia pielii:<br \/>\n<\/strong><strong>\u00a0 \u00a0 &#8211; Polis Night Ampoule: <\/strong>cantitatea mare de extracte de propolis ajut\u0103 la hr\u0103nirea fiec\u0103rui col\u021b al pielii tale peste noapte<br \/>\n<strong>\u00a0 \u00a0 &#8211; Royal Night Ampoule: <\/strong>cu cantitatea mare de acid hialuronic \u0219i extract de l\u0103pti\u0219or de matc\u0103, po\u021bi sim\u021bi hidratarea real\u0103 \u0219i non-lipicioas\u0103, mai degrab\u0103 dec\u00e2t hidratarea fals\u0103 care se lipe\u0219te doar de suprafa\u021ba pielii<\/li>\n<li><strong>Adenozina \u0219i niacinamida <\/strong>sunt ingrediente func\u021bionale care ajut\u0103 la \u00eembun\u0103t\u0103\u021birea ridurilor \u0219i albirea pielii.<\/li>\n<li><strong>12 peptide premium <\/strong>\u0219i cantitatea mare de solu\u021bie de cultur\u0103 de celule stem vegetale pentru o piele mai ferm\u0103.<\/li>\n<li><strong>Ingrediente Grad Verde EWG: <\/strong>extracte de miere, propolis, extract de cultur\u0103 de calus de ginseng, colagen hidrolizat, peptid SH-Oligo, extract de cultur\u0103 de calus de struguri, chiar \u0219i pentru pielea sensibil\u0103 pentru a o face mai bl\u00e2nd\u0103.<\/li>\n<\/ul>\n<p>&nbsp;<\/p>\n<h3><strong>Volum:<\/strong><\/h3>\n<p>21 ml<\/p>\n<h3><strong>Mod de Utilizare:<\/strong><\/h3>\n<p>Aplica\u021bi u\u0219or pe fa\u021b\u0103 \u0219i \u00eentinde\u021bi u\u0219or pe toat\u0103 fa\u021ba.<\/p>\n<p>1. Verifica\u021bi s\u0103ge\u021bile de pe capacele albe ale fiolelor 1 \u0219i 2.<\/p>\n<p>&#8211; Trage\u021bi \u00een sus capacul alb pentru a-l scoate \u0219i deschide\u021bi capacul gri de cauciuc.<br \/>\n(Fi\u021bi aten\u021bi c\u00e2nd deschide\u021bi capacul fiolei, deoarece metalul este ascu\u021bit.)<\/p>\n<p>2. Turna\u021bi tot con\u021binutul fiolei 2 \u00een fiola 1.<br \/>\n3.\u00a0Introduce\u021bi conul \u00een flaconul fiolei nr. 1 \u0219i agita\u021bi bine pentru a amesteca.<br \/>\n4. Regla\u021bi cantitatea de fiol\u0103 ap\u0103s\u00e2nd centrul conului, aplica\u021bi uniform pe fa\u021b\u0103 \u0219i tapota\u021bi u\u0219or pentru absorb\u021bie.<\/p>\n<div style=\"width: 1200px;\" class=\"wp-video\"><video class=\"wp-video-shortcode\" id=\"video-14400-1\" width=\"1200\" height=\"675\" preload=\"metadata\" controls=\"controls\"><source type=\"video\/mp4\" src=\"https:\/\/cosmetikorean.com\/wp-content\/uploads\/2024\/07\/Royalpolis_ad_\uc800\uc6a9\ub7c9.mp4?_=1\" \/><a href=\"https:\/\/cosmetikorean.com\/wp-content\/uploads\/2024\/07\/Royalpolis_ad_\uc800\uc6a9\ub7c9.mp4\">https:\/\/cosmetikorean.com\/wp-content\/uploads\/2024\/07\/Royalpolis_ad_\uc800\uc6a9\ub7c9.mp4<\/a><\/video><\/div>\n<\/div>\n<\/div>\n<\/div>\n","protected":false},"excerpt":{"rendered":"<p>A\u0219teapt\u0103 ca pielea ta de diminea\u021b\u0103 s\u0103 renasc\u0103! \u00ce\u021bi umple pielea cu vitalitate \u0219i nutri\u021bie peste noapte. Daylisse Royalpolis Night Ampoule este o fiol\u0103 de nutri\u021bie creat\u0103 cu combina\u021bia perfect\u0103 de l\u0103pti\u0219or de matc\u0103, propolis \u0219i acid hialuronic cu ingrediente premium pentru albirea pielii, pentru a \u00eembun\u0103t\u0103\u021bi pielea pentru diminea\u021ba urm\u0103toare. Formula lipicioas\u0103 ader\u0103 str\u00e2ns [&hellip;]<\/p>\n","protected":false},"featured_media":14420,"template":"","meta":{"ocean_post_layout":"","ocean_both_sidebars_style":"","ocean_both_sidebars_content_width":0,"ocean_both_sidebars_sidebars_width":0,"ocean_sidebar":"0","ocean_second_sidebar":"0","ocean_disable_margins":"enable","ocean_add_body_class":"","ocean_shortcode_before_top_bar":"","ocean_shortcode_after_top_bar":"","ocean_shortcode_before_header":"","ocean_shortcode_after_header":"","ocean_has_shortcode":"","ocean_shortcode_after_title":"","ocean_shortcode_before_footer_widgets":"","ocean_shortcode_after_footer_widgets":"","ocean_shortcode_before_footer_bottom":"","ocean_shortcode_after_footer_bottom":"","ocean_display_top_bar":"default","ocean_display_header":"default","ocean_header_style":"","ocean_center_header_left_menu":"0","ocean_custom_header_template":"0","ocean_custom_logo":0,"ocean_custom_retina_logo":0,"ocean_custom_logo_max_width":0,"ocean_custom_logo_tablet_max_width":0,"ocean_custom_logo_mobile_max_width":0,"ocean_custom_logo_max_height":0,"ocean_custom_logo_tablet_max_height":0,"ocean_custom_logo_mobile_max_height":0,"ocean_header_custom_menu":"0","ocean_menu_typo_font_family":"0","ocean_menu_typo_font_subset":"","ocean_menu_typo_font_size":0,"ocean_menu_typo_font_size_tablet":0,"ocean_menu_typo_font_size_mobile":0,"ocean_menu_typo_font_size_unit":"px","ocean_menu_typo_font_weight":"","ocean_menu_typo_font_weight_tablet":"","ocean_menu_typo_font_weight_mobile":"","ocean_menu_typo_transform":"","ocean_menu_typo_transform_tablet":"","ocean_menu_typo_transform_mobile":"","ocean_menu_typo_line_height":0,"ocean_menu_typo_line_height_tablet":0,"ocean_menu_typo_line_height_mobile":0,"ocean_menu_typo_line_height_unit":"","ocean_menu_typo_spacing":0,"ocean_menu_typo_spacing_tablet":0,"ocean_menu_typo_spacing_mobile":0,"ocean_menu_typo_spacing_unit":"","ocean_menu_link_color":"","ocean_menu_link_color_hover":"","ocean_menu_link_color_active":"","ocean_menu_link_background":"","ocean_menu_link_hover_background":"","ocean_menu_link_active_background":"","ocean_menu_social_links_bg":"","ocean_menu_social_hover_links_bg":"","ocean_menu_social_links_color":"","ocean_menu_social_hover_links_color":"","ocean_disable_title":"default","ocean_disable_heading":"default","ocean_post_title":"","ocean_post_subheading":"","ocean_post_title_style":"","ocean_post_title_background_color":"","ocean_post_title_background":0,"ocean_post_title_bg_image_position":"","ocean_post_title_bg_image_attachment":"","ocean_post_title_bg_image_repeat":"","ocean_post_title_bg_image_size":"","ocean_post_title_height":0,"ocean_post_title_bg_overlay":0.5,"ocean_post_title_bg_overlay_color":"","ocean_disable_breadcrumbs":"default","ocean_breadcrumbs_color":"","ocean_breadcrumbs_separator_color":"","ocean_breadcrumbs_links_color":"","ocean_breadcrumbs_links_hover_color":"","ocean_display_footer_widgets":"default","ocean_display_footer_bottom":"default","ocean_custom_footer_template":"0"},"product_brand":[],"product_cat":[597,483],"product_tag":[544],"class_list":{"0":"post-14400","1":"product","2":"type-product","3":"status-publish","4":"has-post-thumbnail","6":"product_cat-daylisse-dermocosmetice","7":"product_cat-cosmetice","8":"product_tag-daylisse","10":"entry","11":"has-media","13":"first","14":"instock","15":"taxable","16":"shipping-taxable","17":"product-type-simple","18":"has-product-nav","19":"col","20":"span_1_of_4","21":"owp-content-center","22":"owp-thumbs-layout-horizontal","23":"owp-btn-normal","24":"owp-tabs-layout-horizontal"},"_links":{"self":[{"href":"https:\/\/cosmetikorean.com\/en\/wp-json\/wp\/v2\/product\/14400","targetHints":{"allow":["GET"]}}],"collection":[{"href":"https:\/\/cosmetikorean.com\/en\/wp-json\/wp\/v2\/product"}],"about":[{"href":"https:\/\/cosmetikorean.com\/en\/wp-json\/wp\/v2\/types\/product"}],"wp:featuredmedia":[{"embeddable":true,"href":"https:\/\/cosmetikorean.com\/en\/wp-json\/wp\/v2\/media\/14420"}],"wp:attachment":[{"href":"https:\/\/cosmetikorean.com\/en\/wp-json\/wp\/v2\/media?parent=14400"}],"wp:term":[{"taxonomy":"product_brand","embeddable":true,"href":"https:\/\/cosmetikorean.com\/en\/wp-json\/wp\/v2\/product_brand?post=14400"},{"taxonomy":"product_cat","embeddable":true,"href":"https:\/\/cosmetikorean.com\/en\/wp-json\/wp\/v2\/product_cat?post=14400"},{"taxonomy":"product_tag","embeddable":true,"href":"https:\/\/cosmetikorean.com\/en\/wp-json\/wp\/v2\/product_tag?post=14400"}],"curies":[{"name":"wp","href":"https:\/\/api.w.org\/{rel}","templated":true}]}}