{"id":14331,"date":"2024-07-24T12:26:55","date_gmt":"2024-07-24T09:26:55","guid":{"rendered":"https:\/\/cosmetikorean.com\/?post_type=product&#038;p=14331"},"modified":"2024-07-26T11:53:11","modified_gmt":"2024-07-26T08:53:11","slug":"pudra-lisse-real-hydrogen-miraculous-lisse-korea-inc-10g","status":"publish","type":"product","link":"https:\/\/cosmetikorean.com\/en\/produs\/pudra-lisse-real-hydrogen-miraculous-lisse-korea-inc-10g\/","title":{"rendered":"Pudra Lisse Real Hydrogen Miraculous, Lisse Korea Inc., 10g"},"content":{"rendered":"<div class=\"flex flex-grow flex-col max-w-full\">\n<div class=\"min-h-[20px] text-message flex flex-col items-start gap-3 whitespace-pre-wrap break-words [.text-message+&amp;]:mt-5 overflow-x-auto\" data-message-author-role=\"assistant\" data-message-id=\"a6e410f7-9fba-4b89-b6aa-916aeddc805b\">\n<div class=\"markdown prose w-full break-words dark:prose-invert dark\">\n<div class=\"mt-1 flex justify-start gap-3 empty:hidden\">\n<div class=\"text-gray-400 flex self-end lg:self-center justify-center lg:justify-start mt-0 -ml-1 visible\">\n<h3><strong>Pudr\u0103 de Hidrogen intensiv antioxidant\u0103 pentru anti-\u00eemb\u0103tr\u00e2nire \u0219i detoxifierea pielii<\/strong><\/h3>\n<p>Hidrogenul, cel mai mic antioxidant ultra-fin din lume, are o putere antioxidant\u0103 uimitoare de 176 de ori mai mare dec\u00e2t vitamina C \u0219i de 863 de ori mai mare dec\u00e2t coenzima Q10. Re\u00eentinere\u0219te celulele deteriorate \u0219i epuizate \u0219i \u00eembun\u0103t\u0103\u021be\u0219te l\u0103sarea pielii prin oferirea de elasticitate. C\u00e2nd pudra intr\u0103 \u00een contact cu un produs lichid, \u00ee\u0219i cre\u0219te efectul drastic, produc\u00e2nd direct 1500ppb gaz de hidrogen de \u00eenalt\u0103 concentra\u021bie.<\/p>\n<p>Recomandat pentru cei care:<\/p>\n<ul>\n<li>doresc s\u0103 men\u021bin\u0103 pielea t\u00e2n\u0103r\u0103 pentru mult timp<\/li>\n<li>doresc s\u0103 aib\u0103 o piele s\u0103n\u0103toas\u0103<\/li>\n<li>sunt stresa\u021bi de agresiuni externe, cum ar fi lumina soarelui, etc.<\/li>\n<li>sunt stresa\u021bi de exerci\u021bii intense<\/li>\n<\/ul>\n<p><strong><br \/>\n<\/strong>Principalele efecte:<\/p>\n<ul>\n<li><strong>Generarea gazului de hidrogen la contactul cu umezeala: <\/strong>C\u00e2nd pudra de hidrogen \u00eent\u00e2lne\u0219te apa, gazul de hidrogen concentrat este generat imediat. Chiar \u0219i atunci c\u00e2nd este amestecat\u0103 cu orice produse hidratante (ser, crem\u0103), \u00ee\u0219i cre\u0219te efectul f\u0103r\u0103 provocarea irit\u0103rii pielii.<\/li>\n<li><strong>Modera\u021bie perfect\u0103 a pH-ului pentru men\u021binerea s\u0103n\u0103t\u0103\u021bii pielii: <\/strong>Pielea s\u0103n\u0103toas\u0103 are o u\u0219oar\u0103 aciditate (pH 4~5) pentru a proteja pielea de agresiuni externe. Pudra de hidrogen restabile\u0219te rapid echilibrul pH-ului pielii deteriorate.<\/li>\n<li>Cu ajutorul<strong> tehnologiei de stabilizare tripl\u0103, <\/strong>are un efect de blocare perfect\u0103 de la temperatur\u0103, umiditate \u0219i lumin\u0103 solar\u0103.<\/li>\n<\/ul>\n<\/div>\n<\/div>\n<\/div>\n<\/div>\n<\/div>\n<div class=\"min-h-[20px] text-message flex flex-col items-start gap-3 whitespace-pre-wrap break-words [.text-message+&amp;]:mt-5 overflow-x-auto\" data-message-author-role=\"assistant\" data-message-id=\"a6e410f7-9fba-4b89-b6aa-916aeddc805b\">\n<div class=\"markdown prose w-full break-words dark:prose-invert dark\"><strong><br \/>\n<\/strong><\/p>\n<h3>Volum<\/h3>\n<p>10g<\/p>\n<h3>Cum se utilizeaz\u0103<\/h3>\n<ol>\n<li>Amestec\u0103 o linguri\u021b\u0103 de pudr\u0103 de hidrogen \u00een 30 ml de ap\u0103 sau \u00een 7 ml de ser \/ crem\u0103 astfel:<br \/>\n&#8211; Spray cu ap\u0103 de hidrogen (1 lingur\u0103 \u00een 30 ml ap\u0103)<br \/>\n&#8211; Ser sau crem\u0103 cu hidrogen (1 lingur\u0103 \u00een 7 ml ser)<\/li>\n<li>Agit\u0103 bine p\u00e2n\u0103 c\u00e2nd pudra de hidrogen este complet dizolvat\u0103.<\/li>\n<li>Te rug\u0103m s\u0103 o folose\u0219ti \u00een termen de 24 de ore dup\u0103 amestecare cu pudra de hidrogen. \u00cen func\u021bie de produsul cu care ai amestecat, aplic\u0103-l \u00een ordinea adecvat\u0103 a rutinei tale. Combin\u0103 cu ser \u0219i crem\u0103 de hidrogen pentru efect maxim.<\/li>\n<\/ol>\n<p><strong>Precau\u021bii:<\/strong><\/p>\n<ol>\n<li>Dac\u0103 apar ro\u0219ea\u021b\u0103, umfl\u0103turi, m\u00e2nc\u0103rime \u0219i\/sau irita\u021bii prin expunere direct\u0103 la soare, \u00een timp ce folose\u0219ti sau dup\u0103 folosirea acestui produs, consult\u0103 un medic.<\/li>\n<li>Nu folosi acest produs pe r\u0103ni sau zone iritate de dermatit\u0103 \u0219i alte boli ale pielii.<\/li>\n<li>Precau\u021bii pentru tratament \u0219i p\u0103strare: 1) A nu se l\u0103sa la \u00eendem\u00e2na copiilor. 2) Nu depozita \u00een lumina direct\u0103 a soarelui.<\/li>\n<li>Pudra de hidrogen trebuie folosit\u0103 doar pentru amestecarea cu ap\u0103 \u0219i cosmetice cu umiditate.<\/li>\n<li>Pudra de hidrogen trebuie consumat\u0103 imediat dup\u0103 deschidere. Nu reutiliza amestecul r\u0103mas.<\/li>\n<\/ol>\n<ol>\n<li style=\"list-style-type: none;\"><\/li>\n<\/ol>\n<\/div>\n<\/div>\n","protected":false},"excerpt":{"rendered":"<p>Pudr\u0103 de Hidrogen intensiv antioxidant\u0103 pentru anti-\u00eemb\u0103tr\u00e2nire \u0219i detoxifierea pielii Hidrogenul, cel mai mic antioxidant ultra-fin din lume, are o putere antioxidant\u0103 uimitoare de 176 de ori mai mare dec\u00e2t vitamina C \u0219i de 863 de ori mai mare dec\u00e2t coenzima Q10. Re\u00eentinere\u0219te celulele deteriorate \u0219i epuizate \u0219i \u00eembun\u0103t\u0103\u021be\u0219te l\u0103sarea pielii prin oferirea de elasticitate. [&hellip;]<\/p>\n","protected":false},"featured_media":14332,"template":"","meta":{"ocean_post_layout":"","ocean_both_sidebars_style":"","ocean_both_sidebars_content_width":0,"ocean_both_sidebars_sidebars_width":0,"ocean_sidebar":"0","ocean_second_sidebar":"0","ocean_disable_margins":"enable","ocean_add_body_class":"","ocean_shortcode_before_top_bar":"","ocean_shortcode_after_top_bar":"","ocean_shortcode_before_header":"","ocean_shortcode_after_header":"","ocean_has_shortcode":"","ocean_shortcode_after_title":"","ocean_shortcode_before_footer_widgets":"","ocean_shortcode_after_footer_widgets":"","ocean_shortcode_before_footer_bottom":"","ocean_shortcode_after_footer_bottom":"","ocean_display_top_bar":"default","ocean_display_header":"default","ocean_header_style":"","ocean_center_header_left_menu":"0","ocean_custom_header_template":"0","ocean_custom_logo":0,"ocean_custom_retina_logo":0,"ocean_custom_logo_max_width":0,"ocean_custom_logo_tablet_max_width":0,"ocean_custom_logo_mobile_max_width":0,"ocean_custom_logo_max_height":0,"ocean_custom_logo_tablet_max_height":0,"ocean_custom_logo_mobile_max_height":0,"ocean_header_custom_menu":"0","ocean_menu_typo_font_family":"0","ocean_menu_typo_font_subset":"","ocean_menu_typo_font_size":0,"ocean_menu_typo_font_size_tablet":0,"ocean_menu_typo_font_size_mobile":0,"ocean_menu_typo_font_size_unit":"px","ocean_menu_typo_font_weight":"","ocean_menu_typo_font_weight_tablet":"","ocean_menu_typo_font_weight_mobile":"","ocean_menu_typo_transform":"","ocean_menu_typo_transform_tablet":"","ocean_menu_typo_transform_mobile":"","ocean_menu_typo_line_height":0,"ocean_menu_typo_line_height_tablet":0,"ocean_menu_typo_line_height_mobile":0,"ocean_menu_typo_line_height_unit":"","ocean_menu_typo_spacing":0,"ocean_menu_typo_spacing_tablet":0,"ocean_menu_typo_spacing_mobile":0,"ocean_menu_typo_spacing_unit":"","ocean_menu_link_color":"","ocean_menu_link_color_hover":"","ocean_menu_link_color_active":"","ocean_menu_link_background":"","ocean_menu_link_hover_background":"","ocean_menu_link_active_background":"","ocean_menu_social_links_bg":"","ocean_menu_social_hover_links_bg":"","ocean_menu_social_links_color":"","ocean_menu_social_hover_links_color":"","ocean_disable_title":"default","ocean_disable_heading":"default","ocean_post_title":"","ocean_post_subheading":"","ocean_post_title_style":"","ocean_post_title_background_color":"","ocean_post_title_background":0,"ocean_post_title_bg_image_position":"","ocean_post_title_bg_image_attachment":"","ocean_post_title_bg_image_repeat":"","ocean_post_title_bg_image_size":"","ocean_post_title_height":0,"ocean_post_title_bg_overlay":0.5,"ocean_post_title_bg_overlay_color":"","ocean_disable_breadcrumbs":"default","ocean_breadcrumbs_color":"","ocean_breadcrumbs_separator_color":"","ocean_breadcrumbs_links_color":"","ocean_breadcrumbs_links_hover_color":"","ocean_display_footer_widgets":"default","ocean_display_footer_bottom":"default","ocean_custom_footer_template":"0"},"product_brand":[],"product_cat":[578,616],"product_tag":[544],"class_list":{"0":"post-14331","1":"product","2":"type-product","3":"status-publish","4":"has-post-thumbnail","6":"product_cat-dermatocosmetice","7":"product_cat-lisse","8":"product_tag-daylisse","10":"entry","11":"has-media","13":"first","14":"instock","15":"taxable","16":"shipping-taxable","17":"product-type-simple","18":"has-product-nav","19":"col","20":"span_1_of_4","21":"owp-content-center","22":"owp-thumbs-layout-horizontal","23":"owp-btn-normal","24":"owp-tabs-layout-horizontal"},"_links":{"self":[{"href":"https:\/\/cosmetikorean.com\/en\/wp-json\/wp\/v2\/product\/14331","targetHints":{"allow":["GET"]}}],"collection":[{"href":"https:\/\/cosmetikorean.com\/en\/wp-json\/wp\/v2\/product"}],"about":[{"href":"https:\/\/cosmetikorean.com\/en\/wp-json\/wp\/v2\/types\/product"}],"wp:featuredmedia":[{"embeddable":true,"href":"https:\/\/cosmetikorean.com\/en\/wp-json\/wp\/v2\/media\/14332"}],"wp:attachment":[{"href":"https:\/\/cosmetikorean.com\/en\/wp-json\/wp\/v2\/media?parent=14331"}],"wp:term":[{"taxonomy":"product_brand","embeddable":true,"href":"https:\/\/cosmetikorean.com\/en\/wp-json\/wp\/v2\/product_brand?post=14331"},{"taxonomy":"product_cat","embeddable":true,"href":"https:\/\/cosmetikorean.com\/en\/wp-json\/wp\/v2\/product_cat?post=14331"},{"taxonomy":"product_tag","embeddable":true,"href":"https:\/\/cosmetikorean.com\/en\/wp-json\/wp\/v2\/product_tag?post=14331"}],"curies":[{"name":"wp","href":"https:\/\/api.w.org\/{rel}","templated":true}]}}