{"id":14303,"date":"2024-07-22T16:20:15","date_gmt":"2024-07-22T13:20:15","guid":{"rendered":"https:\/\/cosmetikorean.com\/?post_type=product&#038;p=14303"},"modified":"2024-07-26T11:46:04","modified_gmt":"2024-07-26T08:46:04","slug":"masca-lisse-real-hydrogen-rejuvenate-lisse-korea-inc-40g","status":"publish","type":"product","link":"https:\/\/cosmetikorean.com\/en\/produs\/masca-lisse-real-hydrogen-rejuvenate-lisse-korea-inc-40g\/","title":{"rendered":"Masca Lisse Real Hydrogen Rejuvenate, Lisse Korea Inc., 40g"},"content":{"rendered":"<div class=\"flex flex-grow flex-col max-w-full\">\n<div class=\"min-h-[20px] text-message flex flex-col items-start gap-3 whitespace-pre-wrap break-words [.text-message+&amp;]:mt-5 overflow-x-auto\" data-message-author-role=\"assistant\" data-message-id=\"a6e410f7-9fba-4b89-b6aa-916aeddc805b\">\n<div class=\"markdown prose w-full break-words dark:prose-invert dark\">\n<div class=\"mt-1 flex justify-start gap-3 empty:hidden\">\n<div class=\"text-gray-400 flex self-end lg:self-center justify-center lg:justify-start mt-0 -ml-1 visible\">\n<h3><strong>MASCA Lifting Facial pentru o fa\u021b\u0103 de bebelu\u0219 <\/strong><\/h3>\n<p>Odat\u0103 cu primul pachet de m\u0103\u0219ti din Coreea care con\u021bine 840ppb de hidrogen real, experimenteaz\u0103 umiditatea microscopic\u0103 care umple celulele din profunzime \u0219i ofer\u0103 un efect rapid de albire, hidratare, fermitate \u0219i calmare. \u00cen plus, masca con\u021bine ingrediente speciale cu extracte naturale \u0219i certificare KFDA.<\/p>\n<p>Designul special al m\u0103\u0219tii, care se prinde de urechi \u0219i acoper\u0103 \u00eentreaga fa\u021b\u0103 de la frunte p\u00e2n\u0103 la zona g\u00e2tului, ajut\u0103 la reducerea gu\u0219ii duble, ridicarea \u0219i conturarea fe\u021bei, eliminarea pufului \u0219i a gr\u0103simii de pe b\u0103rbie \u0219i la reducerea \u00eemb\u0103tr\u00e2nirii pielii.<\/p>\n<p>O masc\u0103 Lisse Real Hydrogen Rejuvenate con\u021bine 40g de esen\u021b\u0103 cu ingrediente de \u00eenalt\u0103 concentra\u021bie, fiind de 3 ori mai groas\u0103, iar pielea ta se simte imediat lipicioas\u0103 dup\u0103 \u00eendep\u0103rtare, \u00eens\u0103 acesta este esen\u021ba m\u0103\u0219tii. Nu trebuie s\u0103 cl\u0103te\u0219ti cu ap\u0103, ci doar s\u0103 tamponezi pielea pentru a permite nutrien\u021bilor s\u0103 p\u0103trund\u0103 ad\u00e2nc \u00een piele. Dup\u0103 aplicarea acestei m\u0103\u0219ti, pielea ta va r\u0103m\u00e2ne radiant\u0103, neted\u0103 \u0219i va men\u021bine suficient\u0103 hidratare pentru piele timp de 2-3 zile.<\/p>\n<p><strong>Produs cosmetic func\u021bional Premium<\/strong> \/ F\u0103r\u0103 surfactan\u021bi, ulei mineral \u0219i parabeni.<\/p>\n<p>Recomandat pentru:<\/p>\n<ul>\n<li>\u00eengrijire de regenerare dup\u0103 peeling sau tratament cu laser<\/li>\n<li>piele deteriorat\u0103 de stimuli<\/li>\n<li>piele cr\u0103pat\u0103 din cauza lipsei de umiditate<\/li>\n<li>piele l\u0103sat\u0103 din cauza degrad\u0103rii elasticit\u0103\u021bii<\/li>\n<li>piele sensibil\u0103 cu probleme etc.<\/li>\n<\/ul>\n<p><strong><br \/>\n<\/strong>Principalele componente:<\/p>\n<ul>\n<li><strong>Ap\u0103 de hidrogen:<\/strong> umple pielea cu umiditate profund\u0103 pentru a o face frumoas\u0103 \u0219i str\u0103lucitoare<\/li>\n<li><strong>Ingrediente pentru elasticitate \u0219i ridicare:<\/strong> extract de coada-calului, extract de frunze de mate, extract de fructe de ligustrum japonicum, men\u021bin pielea elastic\u0103 \u0219i ajut\u0103 la echilibrul ap\u0103-ulei<\/li>\n<li><strong>Albire, \u00eembun\u0103t\u0103\u021birea ridurilor:<br \/>\n<\/strong><strong>\u00a0&#8211; Adenozin\u0103:<\/strong> efect de \u00eembun\u0103t\u0103\u021bire a ridurilor<br \/>\n<strong>\u00a0&#8211; Niacinamid\u0103:<\/strong> efect de albire<\/li>\n<li><strong>Calmeaz\u0103 \u0219i \u00eent\u0103re\u0219te bariera pielii:<\/strong> extract de aur, extract de frunze de chamaecyparis obtusa, ulei de arbore de ceai ofer\u0103 ac\u021biune astringent\u0103 pentru pori \u0219i condi\u021bionarea pielii<\/li>\n<li><strong>Lifting cu 15 Ingrediente naturale speciale<\/strong>, care maximizeaz\u0103 stimulii pielii: extract de fermenta\u021bie de drojdie\/v\u00e2sc, soia lactobacillus, rizom Imperate, extract de ment\u0103, sophora, pinus thunbergii, scoar\u021b\u0103 de salcie alb\u0103, extract de frunze de oregano, extract de frunze de chamaecyparis obtusa, extract de scoar\u021b\u0103 de cinnamomum cassia, extract de r\u0103d\u0103cin\u0103 de scutellaria baicalensis, extract de portulaca oleracea, equisetum arvense, extract de fructe de ligustrum japonicum, extract de frunze de ilex paraguariensis solare<\/li>\n<\/ul>\n<\/div>\n<\/div>\n<\/div>\n<\/div>\n<\/div>\n<div class=\"min-h-[20px] text-message flex flex-col items-start gap-3 whitespace-pre-wrap break-words [.text-message+&amp;]:mt-5 overflow-x-auto\" data-message-author-role=\"assistant\" data-message-id=\"a6e410f7-9fba-4b89-b6aa-916aeddc805b\">\n<div class=\"markdown prose w-full break-words dark:prose-invert dark\"><strong><br \/>\n<\/strong><\/p>\n<h3>Volum<\/h3>\n<p>40g<\/p>\n<h3>Cum se utilizeaz\u0103<\/h3>\n<ol>\n<li>\u00a0Dup\u0103 cur\u0103\u021barea delicat\u0103 a fe\u021bei, aplic\u0103 ap\u0103 pe fa\u021b\u0103 prin tamponare.<\/li>\n<li>\u00a0Deschide punga \u0219i aplic\u0103 masca pe fa\u021b\u0103 de la frunte la maxilar. C\u00e2nd o ag\u0103\u021bi de urechi, \u021bine ambele m\u00e2nere pentru urechi simultan pentru a evita<br \/>\ndezechilibrarea. (Dac\u0103 nu po\u021bi ag\u0103\u021ba de urechi, \u00eentinde u\u0219or \u0219i trage m\u00e2nerele pentru urechi).<\/li>\n<li>\u00a0Dup\u0103 aproximativ 15-20 de minute, \u00eendep\u0103rteaz\u0103 masca \u0219i instileaz\u0103 lichidul r\u0103mas pe piele prin tamponare delicat\u0103. (Poate p\u0103rea pu\u021bin lipicios<br \/>\nimediat dup\u0103 \u00eendep\u0103rtarea m\u0103\u0219tii, dar dup\u0103 aproximativ 1 or\u0103 este complet absorbit de piele).<\/li>\n<li>\u00a0Se recomand\u0103 utilizarea de 2-3 ori pe s\u0103pt\u0103m\u00e2n\u0103.<\/li>\n<li>\u00a0Efectul uimitor de hidratare \u0219i elasticitate se men\u021bine pentru 2-3 zile.<\/li>\n<\/ol>\n<p><strong>Precau\u021bii:<\/strong><\/p>\n<ol>\n<li>\u00a0\u00cen cazul apari\u021biei urm\u0103toarelor simptome dup\u0103 utilizarea acestui produs, opre\u0219te utilizarea imediat. Dac\u0103 simptomele se agraveaz\u0103, consult\u0103 un dermatolog.<br \/>\n&#8211; Pete ro\u0219ii, umfl\u0103turi, m\u00e2nc\u0103rime sau irita\u021bie \u00een timpul utiliz\u0103rii<br \/>\n&#8211; Simptome la nivelul p\u0103r\u021bii aplicate sub lumina direct\u0103 a soarelui<\/li>\n<li>\u00a0Nu utiliza \u00een zone cu r\u0103ni, eczeme sau dermatite.<\/li>\n<li>\u00a0Evit\u0103 contactul cu ochii. \u00cen caz de contact, cl\u0103te\u0219te bine cu ap\u0103.<\/li>\n<li>\u00a0A nu se l\u0103sa la \u00eendem\u00e2na copiilor.<\/li>\n<li>\u00a0Nu depozita \u00een lumina direct\u0103 a soarelui sau la temperaturi ridicate.<\/li>\n<li>\u00a0Doar pentru uz extern.<\/li>\n<li>\u00a0Folose\u0219te cu precau\u021bie dac\u0103 ai pielea sensibil\u0103.<\/li>\n<\/ol>\n<ol>\n<li style=\"list-style-type: none;\"><\/li>\n<\/ol>\n<p>&nbsp;<\/p>\n<div style=\"width: 640px;\" class=\"wp-video\"><video class=\"wp-video-shortcode\" id=\"video-14303-1\" width=\"640\" height=\"360\" preload=\"metadata\" controls=\"controls\"><source type=\"video\/mp4\" src=\"https:\/\/cosmetikorean.com\/wp-content\/uploads\/2024\/07\/Real-Hydrogen-Rejuvenate-Mask.mp4?_=1\" \/><a href=\"https:\/\/cosmetikorean.com\/wp-content\/uploads\/2024\/07\/Real-Hydrogen-Rejuvenate-Mask.mp4\">https:\/\/cosmetikorean.com\/wp-content\/uploads\/2024\/07\/Real-Hydrogen-Rejuvenate-Mask.mp4<\/a><\/video><\/div>\n<\/div>\n<\/div>\n","protected":false},"excerpt":{"rendered":"<p>MASCA Lifting Facial pentru o fa\u021b\u0103 de bebelu\u0219 Odat\u0103 cu primul pachet de m\u0103\u0219ti din Coreea care con\u021bine 840ppb de hidrogen real, experimenteaz\u0103 umiditatea microscopic\u0103 care umple celulele din profunzime \u0219i ofer\u0103 un efect rapid de albire, hidratare, fermitate \u0219i calmare. \u00cen plus, masca con\u021bine ingrediente speciale cu extracte naturale \u0219i certificare KFDA. Designul special [&hellip;]<\/p>\n","protected":false},"featured_media":14305,"template":"","meta":{"ocean_post_layout":"","ocean_both_sidebars_style":"","ocean_both_sidebars_content_width":0,"ocean_both_sidebars_sidebars_width":0,"ocean_sidebar":"0","ocean_second_sidebar":"0","ocean_disable_margins":"enable","ocean_add_body_class":"","ocean_shortcode_before_top_bar":"","ocean_shortcode_after_top_bar":"","ocean_shortcode_before_header":"","ocean_shortcode_after_header":"","ocean_has_shortcode":"","ocean_shortcode_after_title":"","ocean_shortcode_before_footer_widgets":"","ocean_shortcode_after_footer_widgets":"","ocean_shortcode_before_footer_bottom":"","ocean_shortcode_after_footer_bottom":"","ocean_display_top_bar":"default","ocean_display_header":"default","ocean_header_style":"","ocean_center_header_left_menu":"0","ocean_custom_header_template":"0","ocean_custom_logo":0,"ocean_custom_retina_logo":0,"ocean_custom_logo_max_width":0,"ocean_custom_logo_tablet_max_width":0,"ocean_custom_logo_mobile_max_width":0,"ocean_custom_logo_max_height":0,"ocean_custom_logo_tablet_max_height":0,"ocean_custom_logo_mobile_max_height":0,"ocean_header_custom_menu":"0","ocean_menu_typo_font_family":"0","ocean_menu_typo_font_subset":"","ocean_menu_typo_font_size":0,"ocean_menu_typo_font_size_tablet":0,"ocean_menu_typo_font_size_mobile":0,"ocean_menu_typo_font_size_unit":"px","ocean_menu_typo_font_weight":"","ocean_menu_typo_font_weight_tablet":"","ocean_menu_typo_font_weight_mobile":"","ocean_menu_typo_transform":"","ocean_menu_typo_transform_tablet":"","ocean_menu_typo_transform_mobile":"","ocean_menu_typo_line_height":0,"ocean_menu_typo_line_height_tablet":0,"ocean_menu_typo_line_height_mobile":0,"ocean_menu_typo_line_height_unit":"","ocean_menu_typo_spacing":0,"ocean_menu_typo_spacing_tablet":0,"ocean_menu_typo_spacing_mobile":0,"ocean_menu_typo_spacing_unit":"","ocean_menu_link_color":"","ocean_menu_link_color_hover":"","ocean_menu_link_color_active":"","ocean_menu_link_background":"","ocean_menu_link_hover_background":"","ocean_menu_link_active_background":"","ocean_menu_social_links_bg":"","ocean_menu_social_hover_links_bg":"","ocean_menu_social_links_color":"","ocean_menu_social_hover_links_color":"","ocean_disable_title":"default","ocean_disable_heading":"default","ocean_post_title":"","ocean_post_subheading":"","ocean_post_title_style":"","ocean_post_title_background_color":"","ocean_post_title_background":0,"ocean_post_title_bg_image_position":"","ocean_post_title_bg_image_attachment":"","ocean_post_title_bg_image_repeat":"","ocean_post_title_bg_image_size":"","ocean_post_title_height":0,"ocean_post_title_bg_overlay":0.5,"ocean_post_title_bg_overlay_color":"","ocean_disable_breadcrumbs":"default","ocean_breadcrumbs_color":"","ocean_breadcrumbs_separator_color":"","ocean_breadcrumbs_links_color":"","ocean_breadcrumbs_links_hover_color":"","ocean_display_footer_widgets":"default","ocean_display_footer_bottom":"default","ocean_custom_footer_template":"0"},"product_brand":[],"product_cat":[578,616],"product_tag":[544],"class_list":{"0":"post-14303","1":"product","2":"type-product","3":"status-publish","4":"has-post-thumbnail","6":"product_cat-dermatocosmetice","7":"product_cat-lisse","8":"product_tag-daylisse","10":"entry","11":"has-media","13":"first","14":"instock","15":"taxable","16":"shipping-taxable","17":"product-type-simple","18":"has-product-nav","19":"col","20":"span_1_of_4","21":"owp-content-center","22":"owp-thumbs-layout-horizontal","23":"owp-btn-normal","24":"owp-tabs-layout-horizontal"},"_links":{"self":[{"href":"https:\/\/cosmetikorean.com\/en\/wp-json\/wp\/v2\/product\/14303","targetHints":{"allow":["GET"]}}],"collection":[{"href":"https:\/\/cosmetikorean.com\/en\/wp-json\/wp\/v2\/product"}],"about":[{"href":"https:\/\/cosmetikorean.com\/en\/wp-json\/wp\/v2\/types\/product"}],"wp:featuredmedia":[{"embeddable":true,"href":"https:\/\/cosmetikorean.com\/en\/wp-json\/wp\/v2\/media\/14305"}],"wp:attachment":[{"href":"https:\/\/cosmetikorean.com\/en\/wp-json\/wp\/v2\/media?parent=14303"}],"wp:term":[{"taxonomy":"product_brand","embeddable":true,"href":"https:\/\/cosmetikorean.com\/en\/wp-json\/wp\/v2\/product_brand?post=14303"},{"taxonomy":"product_cat","embeddable":true,"href":"https:\/\/cosmetikorean.com\/en\/wp-json\/wp\/v2\/product_cat?post=14303"},{"taxonomy":"product_tag","embeddable":true,"href":"https:\/\/cosmetikorean.com\/en\/wp-json\/wp\/v2\/product_tag?post=14303"}],"curies":[{"name":"wp","href":"https:\/\/api.w.org\/{rel}","templated":true}]}}