{"id":14286,"date":"2024-07-19T16:49:23","date_gmt":"2024-07-19T13:49:23","guid":{"rendered":"https:\/\/cosmetikorean.com\/?post_type=product&#038;p=14286"},"modified":"2024-07-26T15:56:46","modified_gmt":"2024-07-26T12:56:46","slug":"fiola-lisse-peptacell-hydrogen-lisse-korea-inc-4-x-7ml","status":"publish","type":"product","link":"https:\/\/cosmetikorean.com\/en\/produs\/fiola-lisse-peptacell-hydrogen-lisse-korea-inc-4-x-7ml\/","title":{"rendered":"Fiola Daylisse Peptacell Re-age Hydrogen, Lisse Korea Inc., 4 x 7ml"},"content":{"rendered":"<div class=\"flex flex-grow flex-col max-w-full\">\n<div class=\"min-h-[20px] text-message flex flex-col items-start gap-3 whitespace-pre-wrap break-words [.text-message+&amp;]:mt-5 overflow-x-auto\" data-message-author-role=\"assistant\" data-message-id=\"a6e410f7-9fba-4b89-b6aa-916aeddc805b\">\n<div class=\"markdown prose w-full break-words dark:prose-invert dark\">\n<div class=\"mt-1 flex justify-start gap-3 empty:hidden\">\n<div class=\"text-gray-400 flex self-end lg:self-center justify-center lg:justify-start mt-0 -ml-1 visible\">\n<p><strong>Puterea de a-\u021bi ridica pielea!<\/strong><\/p>\n<p>Fiola plin\u0103 de nutrien\u021bi din pulbere de hidrogen, are o putere de absorb\u021bie rapid\u0103 \u0219i face pielea s\u0103 se simt\u0103 mat\u0103 \u0219i elastic\u0103 imediat dup\u0103 aplicare. Ofer\u0103 elasticitate, lifting \u0219i protec\u021bie pielii obosite de stres. Conform rezultatelor testelor clinice, aduce \u00eembun\u0103t\u0103\u021biri la ridurile din jurul ochilor, elasticitatea pielii din jurul ochilor, lifting facial, pigmentare, indicele de v\u00e2rst\u0103 al pielii \u0219i textura pielii dup\u0103 dou\u0103 s\u0103pt\u0103m\u00e2ni de utilizare.<\/p>\n<p>Con\u021bine Complexul de 7 Peptide + extract de celule stem din 4 plante + EGF<\/p>\n<p><strong>Doar pentru uz profesional<\/strong> \/ F\u0103r\u0103 surfactan\u021bi, f\u0103r\u0103 ulei mineral, f\u0103r\u0103 parabeni<\/p>\n<p>Este recomandat pentru cei care:<\/p>\n<ul>\n<li>au riduri severe \u00een jurul ochilor \u0219i cearc\u0103ne<\/li>\n<li>au pielea cu mandibula colapsat\u0103 \u0219i pierdere de elasticitate<\/li>\n<li>au nevoie de lifting imediat<\/li>\n<li>au pielea aspr\u0103 \u0219i sunt sensibili la irita\u021bii<\/li>\n<li>sunt preocupa\u021bi de pete, pistrui, etc.<\/li>\n<\/ul>\n<p><strong><br \/>\nINGREDIENTE SPECIAL SELECTATE<\/strong><\/p>\n<ul>\n<li>7 ingrediente premium peptidice care fac pielea mai elastic\u0103:<br \/>\nSH-Pentapeptide-19, SH-Octapeptide-4, SH-Decapeptide-7, Oligopeptide-28, Caffeoyl Tripeptide-1, Acetyl Hexapeptide-8, Acetyl Hexapeptide-22<\/li>\n<li>Extract de celule stem din 4 plante: Phytostem-4 este ob\u021binut prin cultivarea celulelor colectate din 4 tipuri de plante \u0219i este de peste dou\u0103 ori mai eficient dec\u00e2t utilizarea extractelor obi\u0219nuite. \u00cent\u0103re\u0219te bariera pielii \u0219i ofer\u0103 vitalitate:<br \/>\n&#8211; Calus de orhidee: \u00eembun\u0103t\u0103\u021be\u0219te textura pielii prin ad\u0103ugarea de vitalitate<br \/>\n&#8211; Calus de plant\u0103 a \u00eenvierii: furnizeaz\u0103 nutrien\u021bi pielii l\u0103sate<br \/>\n&#8211; Calus de orez: \u00eembun\u0103t\u0103\u021be\u0219te tonusul pielii \u0219i men\u021bine pielea mai clar\u0103<br \/>\n&#8211; Calus de lotus: ajut\u0103 la echilibrul pielii \u0219i \u00eembun\u0103t\u0103\u021be\u0219te s\u0103n\u0103tatea \u0219i rezisten\u021ba pielii<\/li>\n<\/ul>\n<p><strong><br \/>\n<\/strong>Principalele componente:<\/p>\n<ul>\n<li><strong>Adenozin\u0103<\/strong>: este un ingredient func\u021bional reprezentativ pentru \u00eembun\u0103t\u0103\u021birea ridurilor<\/li>\n<li><strong>Niacinamid\u0103<\/strong>: este un complex de vitamina B, care ajut\u0103 la \u00eembun\u0103t\u0103\u021birea albirii pielii<\/li>\n<\/ul>\n<p><strong><br \/>\n<\/strong>Fiol\u0103 avansat\u0103 de hidrogen din a 3-a genera\u021bie:<\/p>\n<ul>\n<li>LISSE a reu\u0219it s\u0103 comercializeze ap\u0103 cu hidrogen prin electroliz\u0103, pulbere de hidrogen, ulei de hidrogen \u0219i pastile de hidrogen de peste 10 ani. Tehnologia hidrogenului evolueaz\u0103 \u00een fiecare an la un alt nivel<\/li>\n<li><strong>Film protector dublu de hidrogen<\/strong> care atrage umiditatea \u0219i capteaz\u0103 hidrogenul: Hidrogenul este u\u0219or \u0219i zboar\u0103 u\u0219or. Creeaz\u0103 un film protector dublu de acid hialuronic \u0219i magneziu pentru a atrage umiditatea din aer \u0219i a \u00eempiedica sc\u0103parea hidrogenului. F\u0103r\u0103 un film protector de hidrogen, cantitatea de hidrogen care p\u0103trunde \u00een piele este semnificativ redus\u0103. (Nu freca\u021bi puternic dup\u0103 utilizare deoarece filmul protector dublu poate s\u0103 se desprind\u0103.)<\/li>\n<li><strong>Tehnologie de stabilizare tripl\u0103<\/strong>: metoda de acoperire prin polimerizare tripl\u0103 stabilizeaz\u0103 pulberea de hidrogen, care este sensibil\u0103 la mediul \u00eenconjur\u0103tor \u0219i temperatur\u0103. Blocare perfect\u0103 \u00eempotriva temperaturii, umidit\u0103\u021bii \u0219i luminii solare<\/li>\n<\/ul>\n<\/div>\n<\/div>\n<\/div>\n<\/div>\n<\/div>\n<div class=\"min-h-[20px] text-message flex flex-col items-start gap-3 whitespace-pre-wrap break-words [.text-message+&amp;]:mt-5 overflow-x-auto\" data-message-author-role=\"assistant\" data-message-id=\"a6e410f7-9fba-4b89-b6aa-916aeddc805b\">\n<div class=\"markdown prose w-full break-words dark:prose-invert dark\"><strong><br \/>\n<\/strong><\/p>\n<h3>Volum<\/h3>\n<p>4 x 7ml<\/p>\n<h3>Cum se utilizeaz\u0103<\/h3>\n<p>Ap\u0103sa\u021bi, agita\u021bi \u0219i \u00eentinde\u021bi uniform pe \u00eentreaga fa\u021b\u0103. Pulberea de hidrogen este depozitat\u0103 \u00eentr-un capac separat de fiol\u0103. C\u00e2nd o folosi\u021bi, pute\u021bi s\u0103 o sparge\u021bi \u0219i s\u0103 o folosi\u021bi proasp\u0103t\u0103.<\/p>\n<ul>\n<li>Ap\u0103sa\u021bi butonul pentru a exploda pulberea de hidrogen.<\/li>\n<li>Agita\u021bi pentru a amesteca bine<\/li>\n<li>Aplica\u021bi c\u00e2t de mult dori\u021bi folosind o pipet\u0103.<\/li>\n<li>Freca\u021bi bine p\u00e2n\u0103 c\u00e2nd pulberea de hidrogen devine complet invizibil\u0103 \u0219i se dizolv\u0103.<\/li>\n<li>Dup\u0103 amestecarea pulberii de hidrogen cu ampoula, refrigera\u021bi \u0219i utiliza\u021bi \u00een decurs de 1 s\u0103pt\u0103m\u00e2n\u0103.<\/li>\n<\/ul>\n<p>Absorbit \u00een 5 secunde pentru a forma un film protector de hidrogen! Efect de lifting resim\u021bit instantaneu Dac\u0103 utiliza\u021bi 1g \u00een fiecare zi \u00eenainte de culcare, acesta se absoarbe \u00een 5 secunde, str\u00e2nge pielea \u0219i o protejeaz\u0103 pe parcursul zilei p\u00e2n\u0103 a doua zi. (Pe m\u0103sur\u0103 ce se formeaz\u0103 filmul protector de hidrogen, nu-l \u00eendep\u0103rta\u021bi for\u021b\u00e2ndu-l.)<\/p>\n<p><strong>Aten\u021bion\u0103ri:<\/strong><\/p>\n<p>Pudra de hidrogen trebuie folosit\u0103 doar pentru amestecarea cu fiola. Nu utiliza\u021bi pudra de hidrogen pentru alte scopuri.<br \/>\nPudra de hidrogen trebuie consumat\u0103 imediat dup\u0103 deschidere<\/p>\n<\/div>\n<\/div>\n","protected":false},"excerpt":{"rendered":"<p>Puterea de a-\u021bi ridica pielea! Fiola plin\u0103 de nutrien\u021bi din pulbere de hidrogen, are o putere de absorb\u021bie rapid\u0103 \u0219i face pielea s\u0103 se simt\u0103 mat\u0103 \u0219i elastic\u0103 imediat dup\u0103 aplicare. Ofer\u0103 elasticitate, lifting \u0219i protec\u021bie pielii obosite de stres. Conform rezultatelor testelor clinice, aduce \u00eembun\u0103t\u0103\u021biri la ridurile din jurul ochilor, elasticitatea pielii din jurul [&hellip;]<\/p>\n","protected":false},"featured_media":14287,"template":"","meta":{"ocean_post_layout":"","ocean_both_sidebars_style":"","ocean_both_sidebars_content_width":0,"ocean_both_sidebars_sidebars_width":0,"ocean_sidebar":"0","ocean_second_sidebar":"0","ocean_disable_margins":"enable","ocean_add_body_class":"","ocean_shortcode_before_top_bar":"","ocean_shortcode_after_top_bar":"","ocean_shortcode_before_header":"","ocean_shortcode_after_header":"","ocean_has_shortcode":"","ocean_shortcode_after_title":"","ocean_shortcode_before_footer_widgets":"","ocean_shortcode_after_footer_widgets":"","ocean_shortcode_before_footer_bottom":"","ocean_shortcode_after_footer_bottom":"","ocean_display_top_bar":"default","ocean_display_header":"default","ocean_header_style":"","ocean_center_header_left_menu":"0","ocean_custom_header_template":"0","ocean_custom_logo":0,"ocean_custom_retina_logo":0,"ocean_custom_logo_max_width":0,"ocean_custom_logo_tablet_max_width":0,"ocean_custom_logo_mobile_max_width":0,"ocean_custom_logo_max_height":0,"ocean_custom_logo_tablet_max_height":0,"ocean_custom_logo_mobile_max_height":0,"ocean_header_custom_menu":"0","ocean_menu_typo_font_family":"0","ocean_menu_typo_font_subset":"","ocean_menu_typo_font_size":0,"ocean_menu_typo_font_size_tablet":0,"ocean_menu_typo_font_size_mobile":0,"ocean_menu_typo_font_size_unit":"px","ocean_menu_typo_font_weight":"","ocean_menu_typo_font_weight_tablet":"","ocean_menu_typo_font_weight_mobile":"","ocean_menu_typo_transform":"","ocean_menu_typo_transform_tablet":"","ocean_menu_typo_transform_mobile":"","ocean_menu_typo_line_height":0,"ocean_menu_typo_line_height_tablet":0,"ocean_menu_typo_line_height_mobile":0,"ocean_menu_typo_line_height_unit":"","ocean_menu_typo_spacing":0,"ocean_menu_typo_spacing_tablet":0,"ocean_menu_typo_spacing_mobile":0,"ocean_menu_typo_spacing_unit":"","ocean_menu_link_color":"","ocean_menu_link_color_hover":"","ocean_menu_link_color_active":"","ocean_menu_link_background":"","ocean_menu_link_hover_background":"","ocean_menu_link_active_background":"","ocean_menu_social_links_bg":"","ocean_menu_social_hover_links_bg":"","ocean_menu_social_links_color":"","ocean_menu_social_hover_links_color":"","ocean_disable_title":"default","ocean_disable_heading":"default","ocean_post_title":"","ocean_post_subheading":"","ocean_post_title_style":"","ocean_post_title_background_color":"","ocean_post_title_background":0,"ocean_post_title_bg_image_position":"","ocean_post_title_bg_image_attachment":"","ocean_post_title_bg_image_repeat":"","ocean_post_title_bg_image_size":"","ocean_post_title_height":0,"ocean_post_title_bg_overlay":0.5,"ocean_post_title_bg_overlay_color":"","ocean_disable_breadcrumbs":"default","ocean_breadcrumbs_color":"","ocean_breadcrumbs_separator_color":"","ocean_breadcrumbs_links_color":"","ocean_breadcrumbs_links_hover_color":"","ocean_display_footer_widgets":"default","ocean_display_footer_bottom":"default","ocean_custom_footer_template":"0"},"product_brand":[],"product_cat":[597,578],"product_tag":[544],"class_list":{"0":"post-14286","1":"product","2":"type-product","3":"status-publish","4":"has-post-thumbnail","6":"product_cat-daylisse-dermocosmetice","7":"product_cat-dermatocosmetice","8":"product_tag-daylisse","10":"entry","11":"has-media","13":"first","14":"instock","15":"taxable","16":"shipping-taxable","17":"product-type-simple","18":"has-product-nav","19":"col","20":"span_1_of_4","21":"owp-content-center","22":"owp-thumbs-layout-horizontal","23":"owp-btn-normal","24":"owp-tabs-layout-horizontal"},"_links":{"self":[{"href":"https:\/\/cosmetikorean.com\/en\/wp-json\/wp\/v2\/product\/14286","targetHints":{"allow":["GET"]}}],"collection":[{"href":"https:\/\/cosmetikorean.com\/en\/wp-json\/wp\/v2\/product"}],"about":[{"href":"https:\/\/cosmetikorean.com\/en\/wp-json\/wp\/v2\/types\/product"}],"wp:featuredmedia":[{"embeddable":true,"href":"https:\/\/cosmetikorean.com\/en\/wp-json\/wp\/v2\/media\/14287"}],"wp:attachment":[{"href":"https:\/\/cosmetikorean.com\/en\/wp-json\/wp\/v2\/media?parent=14286"}],"wp:term":[{"taxonomy":"product_brand","embeddable":true,"href":"https:\/\/cosmetikorean.com\/en\/wp-json\/wp\/v2\/product_brand?post=14286"},{"taxonomy":"product_cat","embeddable":true,"href":"https:\/\/cosmetikorean.com\/en\/wp-json\/wp\/v2\/product_cat?post=14286"},{"taxonomy":"product_tag","embeddable":true,"href":"https:\/\/cosmetikorean.com\/en\/wp-json\/wp\/v2\/product_tag?post=14286"}],"curies":[{"name":"wp","href":"https:\/\/api.w.org\/{rel}","templated":true}]}}