{"id":14271,"date":"2024-07-18T16:49:54","date_gmt":"2024-07-18T13:49:54","guid":{"rendered":"https:\/\/cosmetikorean.com\/?post_type=product&#038;p=14271"},"modified":"2024-07-26T11:47:25","modified_gmt":"2024-07-26T08:47:25","slug":"crema-lisse-dermapepta-ultra-lisse-korea-inc-20g","status":"publish","type":"product","link":"https:\/\/cosmetikorean.com\/en\/produs\/crema-lisse-dermapepta-ultra-lisse-korea-inc-20g\/","title":{"rendered":"Crema Lisse Dermapepta Ultra, Lisse Korea Inc., 20g"},"content":{"rendered":"<div class=\"flex flex-grow flex-col max-w-full\">\n<div class=\"min-h-[20px] text-message flex flex-col items-start gap-3 whitespace-pre-wrap break-words [.text-message+&amp;]:mt-5 overflow-x-auto\" data-message-author-role=\"assistant\" data-message-id=\"a6e410f7-9fba-4b89-b6aa-916aeddc805b\">\n<div class=\"markdown prose w-full break-words dark:prose-invert dark\">\n<div class=\"mt-1 flex justify-start gap-3 empty:hidden\">\n<div class=\"text-gray-400 flex self-end lg:self-center justify-center lg:justify-start mt-0 -ml-1 visible\">\n<h3><strong>Crema Lisse Dermapepta Ultra<\/strong><\/h3>\n<p>Unguentul regeno intensiv de \u00eentinerire Pepticera con\u021bine sistemul trinity complet cu Complex 4-peptidic + Ceramide NP. Ofer\u0103 o solu\u021bie de reparare peptidic\u0103 la stresul pielii cauzat de irita\u021bia extern\u0103.<\/p>\n<p>Recomandat pentru cei care:<\/p>\n<ul>\n<li>au pigmentare sever\u0103 din cauza problemelor frecvente ale pielii<\/li>\n<li>au pielea l\u0103sat\u0103 din cauza pierderii elasticit\u0103\u021bii pielii<\/li>\n<li>doresc s\u0103 protejeze \u0219i s\u0103 \u00eent\u0103reasc\u0103 bariera pielii<\/li>\n<li>au un ton al pielii p\u0103tat \u0219i tern<\/li>\n<\/ul>\n<p><strong><br \/>\nINGREDIENTE ACTIVE<\/strong><\/p>\n<ul>\n<li>Hidrogen dizolvat: 840ppb (\u00een momentul umplerii)<\/li>\n<li>Complex 4-Peptidic: Acetil Hexapeptid-8, Tripeptid de Cupru-1, Oligopeptid Palmitoil, Tetrapeptid Palmitoil-7<\/li>\n<li>Protec\u021bia Stratum Corneum: Ceramide NP, Extract de Centella Asiatica<\/li>\n<li>Gestionarea Colagenului: Extract de Bulb de Ceap\u0103 (Allium Cepa), Colagen Hidrolizat<\/li>\n<\/ul>\n<p><strong><br \/>\n<\/strong>Principalele componente:<\/p>\n<ul>\n<li><strong>Sistemul Premium Peptide Trinity <\/strong>ajut\u0103 la \u00eentinerirea pielii:<br \/>\n&#8211; <strong>Acetil Hexapeptid-8<\/strong> str\u00e2nge ridurile \u0219i porii<br \/>\n&#8211; <strong>Oligopeptid Palmitoil, Tetrapeptid Palmitoil-7 <\/strong>regleaz\u0103 echilibrul de umiditate al pielii \u0219i promoveaz\u0103 sinteza colagenului<br \/>\n&#8211; <strong>Tripeptid de Cupru-1 <\/strong>ca substan\u021b\u0103 derivat\u0103 din om ac\u021bioneaz\u0103 ca un factor de cre\u0219tere pentru celulele pielii. Peptidele naturale protejeaz\u0103 principalele \u021besuturi<\/li>\n<li>\u00a0<strong>Efect puternic de hidratare \u0219i calmare. <\/strong>Con\u021bine acid hialuronic, extract de Centella Asiatica \u0219i ceramide NP pentru un efect de hidratare \u0219i calmare care umple pielea din interior<\/li>\n<li><strong>Protec\u021bia \u0219i \u00eentinerirea pielii. <\/strong>Barier\u0103 s\u0103n\u0103toas\u0103 a pielii cu extract de ceap\u0103 \u0219i ceramide NP utilizate \u00een unguente care ajut\u0103 cicatricile. Folosi\u021bi crema premium cu peptide dup\u0103 dispozitivul energetic (Laser, Ultrasonic, Frecven\u021b\u0103 \u00cenalt\u0103) \u0219i MTS, peeling fizic sau chimic<\/li>\n<li><strong>Culoarea natural\u0103 a extractului de Sparassis Crispa. <\/strong>Culoarea castanei ofer\u0103 vitalitate puternic\u0103 pielii obosite. Cantitatea de substan\u021be imunitare anti-cancer \u00een Sparassis crispa este de 3 ori mai mare dec\u00e2t cea a ciupercii Maitake, de 12 ori mai mare dec\u00e2t cea a ciupercii Shiitake \u0219i de 3 ori mai mare dec\u00e2t cea a ciupercii Ganoderma lucidum<\/li>\n<li><strong>Solu\u021bie dubl\u0103 de ulei pentru hidratare. <\/strong>Con\u021bin\u00e2nd ulei de jojoba \u0219i ulei de primula, regleaz\u0103 secre\u021bia de sebum \u0219i dizolv\u0103 de\u0219eurile \u00een pori pentru a ajuta la controlul sebumului \u0219i pentru a men\u021bine textura pielii umed\u0103 pe parcursul \u00eentregii zile<\/li>\n<li><strong>Efect puternic de anti-oxidare \u0219i hidratare al hidrogenului.<\/strong> Hidrogenul este cel mai mic antioxidant din lume \u0219i are o putere de reducere uimitoare de 176 de ori mai mare dec\u00e2t vitamina C \u0219i de 863 de ori mai mare dec\u00e2t coenzima Q10. Efect antioxidant, efect antibacterian, efect antiinflamator \u0219i efect de hidratare utiliz\u00e2nd ap\u0103 de hidrogen prin electroliz\u0103<\/li>\n<\/ul>\n<\/div>\n<\/div>\n<\/div>\n<\/div>\n<\/div>\n<div class=\"min-h-[20px] text-message flex flex-col items-start gap-3 whitespace-pre-wrap break-words [.text-message+&amp;]:mt-5 overflow-x-auto\" data-message-author-role=\"assistant\" data-message-id=\"a6e410f7-9fba-4b89-b6aa-916aeddc805b\">\n<div class=\"markdown prose w-full break-words dark:prose-invert dark\">\n<p>&nbsp;<\/p>\n<h3>Volum<\/h3>\n<p>20g<\/p>\n<h3>Cum se utilizeaz\u0103<\/h3>\n<p>Recomandat a se folosi dup\u0103 utilizarea dispozitivului energetic, dup\u0103 peeling \u0219i pe pielea sensibil\u0103.<br \/>\nAplica\u021bi u\u0219or pe fa\u021b\u0103 \u0219i \u00eentinde\u021bi uniform pe \u00eentreaga fa\u021b\u0103.<\/p>\n<p><strong>Aten\u021bion\u0103ri:<\/strong><\/p>\n<ol>\n<li>Dac\u0103 apare ro\u0219ea\u021b\u0103, umflare, m\u00e2nc\u0103rime \u0219i\/sau irita\u021bie din cauza expunerii directe la soare, \u00een timpul utiliz\u0103rii sau dup\u0103 utilizarea acestui produs,<br \/>\nconsulta\u021bi un medic.<\/li>\n<li>Nu utiliza\u021bi acest produs pe r\u0103ni sau zone iritate de dermatit\u0103 \u0219i alte boli ale pielii.<\/li>\n<li>Aten\u021bion\u0103ri pentru tratament \u0219i p\u0103strare:<br \/>\nA nu se l\u0103sa la \u00eendem\u00e2na copiilor.<br \/>\nNu depozita\u021bi \u00een lumina direct\u0103 a soarelui.<\/li>\n<\/ol>\n<\/div>\n<\/div>\n","protected":false},"excerpt":{"rendered":"<p>Crema Lisse Dermapepta Ultra Unguentul regeno intensiv de \u00eentinerire Pepticera con\u021bine sistemul trinity complet cu Complex 4-peptidic + Ceramide NP. Ofer\u0103 o solu\u021bie de reparare peptidic\u0103 la stresul pielii cauzat de irita\u021bia extern\u0103. Recomandat pentru cei care: au pigmentare sever\u0103 din cauza problemelor frecvente ale pielii au pielea l\u0103sat\u0103 din cauza pierderii elasticit\u0103\u021bii pielii doresc [&hellip;]<\/p>\n","protected":false},"featured_media":14272,"template":"","meta":{"ocean_post_layout":"","ocean_both_sidebars_style":"","ocean_both_sidebars_content_width":0,"ocean_both_sidebars_sidebars_width":0,"ocean_sidebar":"0","ocean_second_sidebar":"0","ocean_disable_margins":"enable","ocean_add_body_class":"","ocean_shortcode_before_top_bar":"","ocean_shortcode_after_top_bar":"","ocean_shortcode_before_header":"","ocean_shortcode_after_header":"","ocean_has_shortcode":"","ocean_shortcode_after_title":"","ocean_shortcode_before_footer_widgets":"","ocean_shortcode_after_footer_widgets":"","ocean_shortcode_before_footer_bottom":"","ocean_shortcode_after_footer_bottom":"","ocean_display_top_bar":"default","ocean_display_header":"default","ocean_header_style":"","ocean_center_header_left_menu":"0","ocean_custom_header_template":"0","ocean_custom_logo":0,"ocean_custom_retina_logo":0,"ocean_custom_logo_max_width":0,"ocean_custom_logo_tablet_max_width":0,"ocean_custom_logo_mobile_max_width":0,"ocean_custom_logo_max_height":0,"ocean_custom_logo_tablet_max_height":0,"ocean_custom_logo_mobile_max_height":0,"ocean_header_custom_menu":"0","ocean_menu_typo_font_family":"0","ocean_menu_typo_font_subset":"","ocean_menu_typo_font_size":0,"ocean_menu_typo_font_size_tablet":0,"ocean_menu_typo_font_size_mobile":0,"ocean_menu_typo_font_size_unit":"px","ocean_menu_typo_font_weight":"","ocean_menu_typo_font_weight_tablet":"","ocean_menu_typo_font_weight_mobile":"","ocean_menu_typo_transform":"","ocean_menu_typo_transform_tablet":"","ocean_menu_typo_transform_mobile":"","ocean_menu_typo_line_height":0,"ocean_menu_typo_line_height_tablet":0,"ocean_menu_typo_line_height_mobile":0,"ocean_menu_typo_line_height_unit":"","ocean_menu_typo_spacing":0,"ocean_menu_typo_spacing_tablet":0,"ocean_menu_typo_spacing_mobile":0,"ocean_menu_typo_spacing_unit":"","ocean_menu_link_color":"","ocean_menu_link_color_hover":"","ocean_menu_link_color_active":"","ocean_menu_link_background":"","ocean_menu_link_hover_background":"","ocean_menu_link_active_background":"","ocean_menu_social_links_bg":"","ocean_menu_social_hover_links_bg":"","ocean_menu_social_links_color":"","ocean_menu_social_hover_links_color":"","ocean_disable_title":"default","ocean_disable_heading":"default","ocean_post_title":"","ocean_post_subheading":"","ocean_post_title_style":"","ocean_post_title_background_color":"","ocean_post_title_background":0,"ocean_post_title_bg_image_position":"","ocean_post_title_bg_image_attachment":"","ocean_post_title_bg_image_repeat":"","ocean_post_title_bg_image_size":"","ocean_post_title_height":0,"ocean_post_title_bg_overlay":0.5,"ocean_post_title_bg_overlay_color":"","ocean_disable_breadcrumbs":"default","ocean_breadcrumbs_color":"","ocean_breadcrumbs_separator_color":"","ocean_breadcrumbs_links_color":"","ocean_breadcrumbs_links_hover_color":"","ocean_display_footer_widgets":"default","ocean_display_footer_bottom":"default","ocean_custom_footer_template":"0"},"product_brand":[],"product_cat":[578,616],"product_tag":[544],"class_list":{"0":"post-14271","1":"product","2":"type-product","3":"status-publish","4":"has-post-thumbnail","6":"product_cat-dermatocosmetice","7":"product_cat-lisse","8":"product_tag-daylisse","10":"entry","11":"has-media","13":"first","14":"instock","15":"taxable","16":"shipping-taxable","17":"product-type-simple","18":"has-product-nav","19":"col","20":"span_1_of_4","21":"owp-content-center","22":"owp-thumbs-layout-horizontal","23":"owp-btn-normal","24":"owp-tabs-layout-horizontal"},"_links":{"self":[{"href":"https:\/\/cosmetikorean.com\/en\/wp-json\/wp\/v2\/product\/14271","targetHints":{"allow":["GET"]}}],"collection":[{"href":"https:\/\/cosmetikorean.com\/en\/wp-json\/wp\/v2\/product"}],"about":[{"href":"https:\/\/cosmetikorean.com\/en\/wp-json\/wp\/v2\/types\/product"}],"wp:featuredmedia":[{"embeddable":true,"href":"https:\/\/cosmetikorean.com\/en\/wp-json\/wp\/v2\/media\/14272"}],"wp:attachment":[{"href":"https:\/\/cosmetikorean.com\/en\/wp-json\/wp\/v2\/media?parent=14271"}],"wp:term":[{"taxonomy":"product_brand","embeddable":true,"href":"https:\/\/cosmetikorean.com\/en\/wp-json\/wp\/v2\/product_brand?post=14271"},{"taxonomy":"product_cat","embeddable":true,"href":"https:\/\/cosmetikorean.com\/en\/wp-json\/wp\/v2\/product_cat?post=14271"},{"taxonomy":"product_tag","embeddable":true,"href":"https:\/\/cosmetikorean.com\/en\/wp-json\/wp\/v2\/product_tag?post=14271"}],"curies":[{"name":"wp","href":"https:\/\/api.w.org\/{rel}","templated":true}]}}